{"id":110,"date":"2022-12-07T06:54:42","date_gmt":"2022-12-07T06:54:42","guid":{"rendered":"http:\/\/oamenivalorifapte.ro\/?page_id=110"},"modified":"2022-12-08T06:59:07","modified_gmt":"2022-12-08T06:59:07","slug":"proiecte","status":"publish","type":"page","link":"https:\/\/oamenivalorifapte.ro\/index.php\/proiecte\/","title":{"rendered":"Proiecte"},"content":{"rendered":"\n<p>Cre\u0103m \u0219i dezvolt\u0103m programe sociale pentru seniori vulnerabili \u0219i copii care au nevoie de sprijin \u00een cre\u0219tere \u0219i educa\u021bie, cu menirea de a reda\u00a0demnitate, a genera bun\u0103stare \u0219i coeziune social\u0103.<\/p>\n\n\n\n<p>Suntem al\u0103turi de v\u00e2rstnici \u0219i copii \u00een toate anotimpurile! &gt;&gt;<\/p>\n\n\n\n<p>Programul ales care ne va defini ca ONG \u00een domeniul social se bazeaz\u0103 pe organizarea c\u0103l\u0103toriilor pentru Seniori, precum se \u00eent\u00e2mpl\u0103 \u00een \u021b\u0103rile europene, pentru a Redescoperi bucuria unei vie\u021bi demne. Menirea Programului este de a cre\u0219te vizibil calitatea vie\u021bii seniorilor din Rom\u00e2nia, acea stare de \u201ewell-being\u201d pentru \u00eembun\u0103t\u0103\u021birea s\u0103n\u0103t\u0103\u021bii mentale \u0219i fizice, \u00eemb\u0103tr\u00e2nire activ\u0103, bun\u0103stare social\u0103, longevitate, satisfac\u021bie cu via\u021ba \u0219i fericirea, \u00eemplinire \u00een societate, calitate social\u0103.<\/p>\n\n\n\n<p>\u021ainta noastr\u0103 este s\u0103 devenim LIDER \u00een c\u0103l\u0103toriile dedicate Seniorilor din Rom\u00e2nia, \u00een Programul denumit \u201cSeniorii iubesc c\u0103l\u0103toriile\u201d.<\/p>\n\n\n\n<p>\u00cen deplin\u0103 siguran\u021b\u0103 oferim seniorilor relaxare \u0219i recreere pentru minte, trup \u0219i suflet, calea de a reg\u0103si vitalitatea, de a socializa \u00eenv\u0103\u021b\u00e2nd unii de la al\u021bii, de a le reda str\u0103lucirea anilor trecu\u021bi \u0219i de a le \u00eenveseli anii de acum. Tematicile \u0219i destina\u021biile vor fi propuse \u0219i alese de seniori, at\u00e2t \u00een \u021bar\u0103 c\u00e2t \u0219i peste hotare. Voluntari de toate v\u00e2rstele, de la tineri p\u00e2n\u0103 la v\u00e2rstnici, vor \u00eenso\u021bi pe Seniori \u00een c\u0103l\u0103torii.<\/p>\n\n\n\n<p>-&gt;&gt; Mi\u0219care, informare, socializare, \u00eenv\u0103\u021bare, bucurie, energie \u2013 toate \u00eentr-o C\u0103l\u0103torie!<\/p>\n\n\n\n<p>\u2022 Ne preocup\u0103m permanent de persoanele v\u00e2rstnice care au \u00eemplinit v\u00e2rsta de pensionare, promov\u0103m incluziunea social\u0103 prin organizarea \u0219i desf\u0103\u0219urarea de programe \u0219i servicii sociale integrate menite s\u0103 ofere oportunit\u0103\u021bi \u0219i resurse pentru c\u00e2t mai mul\u021bi v\u00e2rstnici din Rom\u00e2nia, pentru a se bucura de o etap\u0103 a seniorit\u0103\u021bii s\u0103n\u0103toas\u0103 \u0219i demn\u0103;<\/p>\n\n\n\n<p>\u2022 Promov\u0103m o \u00eemb\u0103tr\u00e2nire activ\u0103 \u0219i contribuim la reintegrarea social\u0103 a seniorilor prin derularea ac\u021biunilor organizate \u00eentr-un cadru sigur \u0219i confortabil (c\u0103l\u0103torii, sejururi, vacan\u021be, ie\u0219iri \u00een spatiul public cu diverse tematici, etc.), la nivel intern \u0219i, chiar, extern, cu scopul de a cultiva rela\u021biile interumane, de a oferi relaxare, recreere, \u00eenl\u0103turarea efectului de izolare social\u0103, men\u021binerea s\u0103n\u0103t\u0103\u021bii fizice \u0219i mentale, l\u0103rgirea orizontului de informare \u0219i cunoa\u0219tere;<\/p>\n\n\n\n<p>\u2022 \u00cencurajam un stil de via\u021b\u0103 s\u0103n\u0103tos prin implementarea unor programe educative \u0219i interactive, de binefacere \u00een domeniul s\u0103n\u0103t\u0103\u021bii fizice, mentale \u0219i psihice a seniorilor;<\/p>\n\n\n\n<p>\u2022 Implic\u0103m constant voluntarii \u00een ac\u021biuni caritabile \u0219i campanii umanitare;<\/p>\n\n\n\n<p>\u2022 Acord\u0103m suport seniorilor afla\u021bi \u00een dificultate, cu ajutorul voluntarilor, care, fie \u00eei \u00eenso\u021besc \u00een c\u0103l\u0103torii, fie \u00eei viziteaz\u0103 la domiciliile lor pentru a le oferi servicii sociale \u0219i socializare (efectuare cump\u0103r\u0103turi, \u00eenso\u021bire la medic, livrarea medicamentelor pe baz\u0103 de re\u021bet\u0103 medical\u0103, \u00eenv\u0103\u021bare \u0219i adaptare la noile tehnologii, plata facturilor lunare, activit\u0103\u021bi de petrecere a timpului liber, plimb\u0103ri \u00een natur\u0103, grij\u0103 fa\u021b\u0103 de animalele de companie, facilitarea interac\u021biunilor cu autorit\u0103\u021bile);<\/p>\n\n\n\n<p>\u2022 \u00cen c\u0103minele de b\u0103tr\u00e2ni \u00eencuraj\u0103m leg\u0103turile interumane, stimul\u0103m participarea la via\u021ba social\u0103, contribuim la cre\u0219terea sentimentului de utilitate social\u0103, oferim v\u00e2rstnicilor \u00eencredere \u0219i speran\u021b\u0103 prin organizarea ac\u021biunilor de recreere, culturale, informare;<\/p>\n\n\n\n<p>\u2022 Contribuim la dezvoltarea sustenabil\u0103 a voluntariatului \u00een Rom\u00e2nia precum \u0219i la cre\u0219terea gradului de con\u0219tientizare a valorii voluntariatului, \u00eencep\u00e2nd cu v\u00e2rste \u0219colare \u0219i preuniversitare;<\/p>\n\n\n\n<p>\u2022 Promovam diversitatea cultural\u0103 \u0219i valorile interna\u021bionale \u00een domeniul senectu\u021bii, \u00eencuraj\u0103m comunicarea \u0219i apropierea \u00eentre v\u00e2rstnici \u0219i tineri, facilitarea accesului la informa\u021bie, tehnologie \u0219i cunoa\u0219tere, promovarea dialogului inter-genera\u021bional;<\/p>\n\n\n\n<p>\u2022 Sus\u021binem \u0219i particip\u0103m la campanii de influen\u021bare a politicilor publice \u00een domeniul protec\u021biei sociale a seniorilor \u0219i copiilor;<\/p>\n\n\n\n<p>\u2022 Desf\u0103\u0219ur\u0103m campanii de str\u00e2ngere de fonduri, sponsoriz\u0103ri de la companii, dona\u021bii \u00een bani, bunuri \u0219i servicii, acces\u0103m fonduri nerambursabile, finan\u021b\u0103ri \u0219i granturi \u00een vederea cre\u0219terii sustenabilit\u0103\u021bii \u0219i a \u00eendeplinirii obiectivelor Asocia\u021biei Oameni, Valori, Fapte;<\/p>\n\n\n\n<p>\u2022 Realiz\u0103m sau\/\u0219i particip\u0103m la \u00eentocmirea studiilor de cercetare, sondaje \u0219i analize privind calitatea vie\u021bii persoanelor v\u00e2rstnice prin stabilirea unor sisteme de indicatori de input \u0219i de output;<\/p>\n\n\n\n<p>\u2022 Promov\u0103m cauza seniorilor din Rom\u00e2nia prin participarea voluntarilor \u0219i a seniorilor beneficiari ai Asocia\u021biei la diverse conferin\u021be, congrese, evenimente caritabile, training-uri, etc.<\/p>\n\n\n\n<p>\u2022 Promov\u0103m \u0219i dezvolt\u0103m parteneriate cu corpora\u021bii, autorit\u0103\u021bi centrale \u0219i locale, companii de stat sau private \u0219i organiza\u021bii neguvernamentale \u00een desf\u0103\u0219urarea activit\u0103\u021bilor de responsabilitate social\u0103.<\/p>\n\n\n\n<p>&lt;&lt; Vrem s\u0103 facem vremurile bune \u0219i mai bune, iar pe cele grele mai u\u0219oare! &gt;<\/p>\n","protected":false},"excerpt":{"rendered":"<p>Cre\u0103m \u0219i dezvolt\u0103m programe sociale pentru seniori vulnerabili \u0219i copii care au [&hellip;]<\/p>\n","protected":false},"author":1,"featured_media":0,"parent":0,"menu_order":0,"comment_status":"closed","ping_status":"closed","template":"","meta":{"_seopress_robots_primary_cat":"","_seopress_titles_title":"","_seopress_titles_desc":"","_seopress_robots_index":"","footnotes":""},"class_list":["post-110","page","type-page","status-publish","hentry"],"_links":{"self":[{"href":"https:\/\/oamenivalorifapte.ro\/index.php\/wp-json\/wp\/v2\/pages\/110"}],"collection":[{"href":"https:\/\/oamenivalorifapte.ro\/index.php\/wp-json\/wp\/v2\/pages"}],"about":[{"href":"https:\/\/oamenivalorifapte.ro\/index.php\/wp-json\/wp\/v2\/types\/page"}],"author":[{"embeddable":true,"href":"https:\/\/oamenivalorifapte.ro\/index.php\/wp-json\/wp\/v2\/users\/1"}],"replies":[{"embeddable":true,"href":"https:\/\/oamenivalorifapte.ro\/index.php\/wp-json\/wp\/v2\/comments?post=110"}],"version-history":[{"count":2,"href":"https:\/\/oamenivalorifapte.ro\/index.php\/wp-json\/wp\/v2\/pages\/110\/revisions"}],"predecessor-version":[{"id":275,"href":"https:\/\/oamenivalorifapte.ro\/index.php\/wp-json\/wp\/v2\/pages\/110\/revisions\/275"}],"wp:attachment":[{"href":"https:\/\/oamenivalorifapte.ro\/index.php\/wp-json\/wp\/v2\/media?parent=110"}],"curies":[{"name":"wp","href":"https:\/\/api.w.org\/{rel}","templated":true}]}}