{"id":114,"date":"2022-12-07T06:59:18","date_gmt":"2022-12-07T06:59:18","guid":{"rendered":"http:\/\/oamenivalorifapte.ro\/?page_id=114"},"modified":"2024-11-08T19:52:17","modified_gmt":"2024-11-08T19:52:17","slug":"proiectul-sanatate-pentru-seniori","status":"publish","type":"page","link":"https:\/\/oamenivalorifapte.ro\/index.php\/proiectul-sanatate-pentru-seniori\/","title":{"rendered":"Proiectul  &#8220;S\u0103n\u0103tate pentru seniori vulnerabili&#8221;"},"content":{"rendered":"\n<p>\u201c\ud835\udc0f\ud835\udc2b\ud835\udc28\ud835\udc22\ud835\udc1e\ud835\udc1c\ud835\udc2d\ud835\udc2e\ud835\udc25 \ud835\udc1d\ud835\udc1e \ud835\udc12\ud835\udc1a\ud835\udc27\ud835\udc1a\ud835\udc2d\ud835\udc1a\ud835\udc2d\ud835\udc1e \ud835\udc29\ud835\udc1e\ud835\udc27\ud835\udc2d\ud835\udc2b\ud835\udc2e \ud835\udc29\ud835\udc1e\ud835\udc2b\ud835\udc2c\ud835\udc28\ud835\udc1a\ud835\udc27\ud835\udc1e \ud835\udc2f\ud835\udc2e\ud835\udc25\ud835\udc27\ud835\udc1e\ud835\udc2b\ud835\udc1a\ud835\udc1b\ud835\udc22\ud835\udc25\ud835\udc1e\u201c ne-a deschis frumos orizontul actiunilor umanitare din 2022.<\/p>\n\n\n\n<p>Asociatia Oameni, Valori, Fapte a desfasurat o ampla actiune de sprijin cu resurse adecvate mentinerii si\/sau imbunatatirii starii de sanatate a persoanelor varstnice din Camine sau care locuiesc la domiciliu, a adultilor cu dizabilitati, precum si a personalului de ingrijire din Camine si Centre care vegheaza neobositi <a><\/a>la starea lor de bine.<\/p>\n\n\n\n<p> \ud835\udfd0\ud835\udfd1\ud835\udfd0\ud835\udfd4 \ud835\udc29\ud835\udc1e\ud835\udc2b\ud835\udc2c\ud835\udc28\ud835\udc1a\ud835\udc27\ud835\udc1e \ud835\udc1b\ud835\udc1e\ud835\udc27\ud835\udc1e\ud835\udc1f\ud835\udc22\ud835\udc1c\ud835\udc22\ud835\udc1a\ud835\udc2b\ud835\udc1e, \ud835\udc22\ud835\udc27\ud835\udc1d\ud835\udc1e\ud835\udc28\ud835\udc2c\ud835\udc1e\ud835\udc1b\ud835\udc22 \ud835\udc2f\ud835\udc1a\ud835\udc2b\ud835\udc2c\ud835\udc2d\ud835\udc27\ud835\udc22\ud835\udc1c\ud835\udc22 \ud835\udc2c\ud835\udc1e \ud835\udc2f\ud835\udc28\ud835\udc2b \ud835\udc1b\ud835\udc2e\ud835\udc1c\ud835\udc2e\ud835\udc2b\ud835\udc1a \ud835\udc1d\ud835\udc1e \ud835\udc2e\ud835\udc27 \ud835\udc2c\ud835\udc22\ud835\udc2c\ud835\udc2d\ud835\udc1e\ud835\udc26 \ud835\udc28\ud835\udc2c\ud835\udc2d\ud835\udc1e\ud835\udc28\ud835\udc1a\ud835\udc2b\ud835\udc2d\ud835\udc22\ud835\udc1c\ud835\udc2e\ud835\udc25\ud835\udc1a\ud835\udc2b \ud835\udc29\ud835\udc2e\ud835\udc2d\ud835\udc1e\ud835\udc2b\ud835\udc27\ud835\udc22\ud835\udc1c \ud835\udc2c\u0326\ud835\udc22 \ud835\udc2c\ud835\udc1a\u0306\ud835\udc27\ud835\udc1a\u0306\ud835\udc2d\ud835\udc28\ud835\udc2c<\/p>\n\n\n\n<p> \ud835\udfd3\ud835\udfce\ud835\udfce\ud835\udfce \ud835\udc1d\ud835\udc1e \ud835\udc1c\ud835\udc2e\ud835\udc2d\ud835\udc22\ud835\udc22 \ud835\udc1c\ud835\udc2e \ud835\udc1c\ud835\udc1a\ud835\udc29\ud835\udc2c\ud835\udc2e\ud835\udc25\ud835\udc1e \ud835\udc1d\ud835\udc1e \ud835\udc1c\ud835\udc1a\ud835\udc25\ud835\udc1c\ud835\udc22\ud835\udc2e \ud835\udc02\ud835\udc0e\ud835\udc11\ud835\udc00\ud835\udc0b \ud835\udc03<\/p>\n\n\n\n<p> \ud835\udff2 \ud835\udc0e\ud835\udc0d\ud835\udc06-\ud835\udc2e\ud835\udc2b\ud835\udc22 \ud835\udc22\ud835\udc26\ud835\udc29\ud835\udc25\ud835\udc22\ud835\udc1c\ud835\udc1a\ud835\udc2de<\/p>\n\n\n\n<p> \ud835\udfcf\ud835\udfce \ud835\uddd6\ud835\udc1a\ud835\udc26\ud835\udc22\ud835\udc27\ud835\udc1e \ud835\udc29\ud835\udc1e\ud835\udc27\ud835\udc2d\ud835\udc2b\ud835\udc2e \ud835\udc2f\ud835\udc1a\ud835\udc2b\ud835\udc2c\ud835\udc2d\ud835\udc27\ud835\udc22\ud835\udc1c\ud835\udc22, \ud835\udc22\ud835\udc27\ud835\udc1c\ud835\udc25\ud835\udc2e\ud835\udc2c\ud835\udc22\ud835\udc2f \ud835\udc02\ud835\udc1e\ud835\udc27\ud835\udc2d\ud835\udc2b\ud835\udc1e \ud835\udc29\ud835\udc1e\ud835\udc27\ud835\udc2d\ud835\udc2b\ud835\udc2e \ud835\uddd4\ud835\udc1d\ud835\udc2e\ud835\udc25\ud835\udc2d\ud835\udc22 \ud835\udc1c\ud835\udc2e \ud835\uddd7\ud835\udc22\ud835\udc33\ud835\udc1a\ud835\udc1b\ud835\udc22\ud835\udc25\ud835\udc22\ud835\udc2d\ud835\udc1a\ud835\udc2d\ud835\udc22<\/p>\n\n\n\n<p> \ud835\udfd2 \ud835\udc23\ud835\udc2e\ud835\udc1d\ud835\udc1e\ud835\udc2d\ud835\udc1e \ud835\udc22\ud835\udc27 \ud835\udc1c\ud835\udc1a\ud835\udc2b\ud835\udc1e \ud835\udc1a\ud835\udc26 \ud835\udc1d\ud835\udc22\ud835\udc2c\ud835\udc2d\ud835\udc2b\ud835\udc22\ud835\udc1b\ud835\udc2e\ud835\udc22\ud835\udc2d: \ud835\udc06\ud835\udc22\ud835\udc2e\ud835\udc2b\ud835\udc20\ud835\udc22\ud835\udc2e, \ud835\udc08\ud835\udc25\ud835\udc1f\ud835\udc28\ud835\udc2f, \ud835\udc03\ud835\udc1a\ud835\udc26\ud835\udc1b\ud835\udc28\ud835\udc2f\ud835\udc22\ud835\udc2d\ud835\udc1a, \ud835\udc01\ud835\udc2e\ud835\udc1c\ud835\udc2e\ud835\udc2b\ud835\udc1e\ud835\udc2c\ud835\udc2d\ud835\udc22.<\/p>\n\n\n\n<p> \ud835\udc02\ud835\udc0e\ud835\udc11\ud835\udc00\ud835\udc0b \ud835\udc03, marca \ud835\udc15\ud835\udc22\ud835\udc2d\ud835\udc1a\ud835\udc02\ud835\udc1a\ud835\udc2b\ud835\udc1e \ud835\udc0f\ud835\udc2b\ud835\udc28\ud835\udc1d\ud835\udc2e\ud835\udc2c\ud835\udc1e \ud835\udc0d\ud835\udc1a\ud835\udc2d\ud835\udc2e\ud835\udc2b\ud835\udc1a\ud835\udc25\ud835\udc1e este un supliment nutritiv 100% natural si echilibrat si o sursa naturala de calciu din corali si minerale asociate, imbogatita cu magneziu si vitamina D care se adreseaza persoanelor cu nevoi crescute de calciu, indeosebi persoanelor varstnice. O cur\u0103 timp de trei luni cu \ud835\udc02\ud835\udc1a\ud835\udc25\ud835\udc1c\ud835\udc22\ud835\udc2e \ud835\udc02\ud835\udc0e\ud835\udc11\ud835\udc00\ud835\udc0b \ud835\udc03 va aduce un plus de sanatate si stare de bine celor peste 2000 de persoane care l-au primit cu mare bucurie, in plin sezon rece.<\/p>\n\n\n\n<p>Am promis cu o mare parte dintre ei ca ne vom mai auzi dupa cele trei luni, prin aprilie-mai, pentru un feedback care ne va ajuta sa \u00eei mai sprijinim si pe parcursul anului. Vom reveni cu fotografii din timpul derularii actiunii de sprijin umanitar. <img decoding=\"async\" height=\"16\" width=\"16\" alt=\"\ud83d\udcf8\" src=\"https:\/\/static.xx.fbcdn.net\/images\/emoji.php\/v9\/t37\/1.5\/16\/1f4f8.png\"><\/p>\n\n\n\n<p> Multumim, in primul rand, sponsorului \ud835\udde9\ud835\uddf6\ud835\ude01\ud835\uddee\ud835\uddd6\ud835\uddee\ud835\uddff\ud835\uddf2 \ud835\udde3\ud835\uddff\ud835\uddfc\ud835\uddf1\ud835\ude02\ud835\ude00\ud835\uddf2 \ud835\udde1\ud835\uddee\ud835\ude01\ud835\ude02\ud835\uddff\ud835\uddee\ud835\uddf9\ud835\uddf2 si prietenei noastre \ud835\udc03\ud835\udc22\ud835\udc1a\ud835\udc27\ud835\udc1a \ud835\udc02\ud835\udc28\ud835\udc1d\ud835\udc2b\ud835\udc1e\ud835\udc1a\ud835\udc27\ud835\udc2e care ne-a facilitat aceasta donatie! <\/p>\n\n\n\n<p> \ud835\udc74\ud835\udc96\ud835\udc8d\ud835\udc95\ud835\udc96\ud835\udc8e\ud835\udc8a\ud835\udc8e \ud835\udc8e\ud835\udc96\ud835\udc8d\ud835\udc95 pentru sprijin Dnei. <a href=\"https:\/\/www.facebook.com\/ruse.daniela.1?__cft__[0]=AZV6unru1vt1Zw0klLM29002DjhUQmclgDTFCSNjPEBHEh0RbNjAq6Ujt83hjpUEd6EcCP-NnnXqxyw1OPXZ5UAyDRHzLC-ak1mOTWTce1EA-ZuO7JSaf3iJS7fpKzoWtqZ3FMpVUKkL_TVVK2NBYKNJv9B7H3rTGMxyee-t8U13G7zcyZUmzir8-x7tN4bqDLY&amp;__tn__=-]K-R\">Daniela Ruse<\/a>, reprezentant <a href=\"https:\/\/www.facebook.com\/profile.php?id=100064974212539&amp;__cft__[0]=AZV6unru1vt1Zw0klLM29002DjhUQmclgDTFCSNjPEBHEh0RbNjAq6Ujt83hjpUEd6EcCP-NnnXqxyw1OPXZ5UAyDRHzLC-ak1mOTWTce1EA-ZuO7JSaf3iJS7fpKzoWtqZ3FMpVUKkL_TVVK2NBYKNJv9B7H3rTGMxyee-t8U13G7zcyZUmzir8-x7tN4bqDLY&amp;__tn__=-]K-R\">Consiliul Jude\u021bean Giurgiu<\/a>, Dnei. <a href=\"https:\/\/www.facebook.com\/profile.php?id=100011346547615&amp;__cft__[0]=AZV6unru1vt1Zw0klLM29002DjhUQmclgDTFCSNjPEBHEh0RbNjAq6Ujt83hjpUEd6EcCP-NnnXqxyw1OPXZ5UAyDRHzLC-ak1mOTWTce1EA-ZuO7JSaf3iJS7fpKzoWtqZ3FMpVUKkL_TVVK2NBYKNJv9B7H3rTGMxyee-t8U13G7zcyZUmzir8-x7tN4bqDLY&amp;__tn__=-]K-R\">Constanta Paraschivescu<\/a>, Dir. Gen. Adj. al DGASPC Giurgiu si tuturor Sefilor de Camine\/Centre, partenerilor, pentru mobilizare prompta in derularea procesului logistic, in decurs de cateva zile!<\/p>\n\n\n\n<p><a href=\"https:\/\/www.facebook.com\/Dgaspc-Giurgiu-137153200351347\/?__cft__[0]=AZV6unru1vt1Zw0klLM29002DjhUQmclgDTFCSNjPEBHEh0RbNjAq6Ujt83hjpUEd6EcCP-NnnXqxyw1OPXZ5UAyDRHzLC-ak1mOTWTce1EA-ZuO7JSaf3iJS7fpKzoWtqZ3FMpVUKkL_TVVK2NBYKNJv9B7H3rTGMxyee-t8U13G7zcyZUmzir8-x7tN4bqDLY&amp;__tn__=kK-R\">Dgaspc Giurgiu<\/a> \u2013 \ud835\uddd6\ud835\uddf2\ud835\uddfb\ud835\ude01\ud835\uddff\ud835\uddf2\ud835\uddf9\ud835\uddf2 \ud835\uddf1\ud835\uddf2 \ud835\uddf9\ud835\uddee \ud835\udde7\ud835\uddee\u0302\ud835\uddfb\ud835\ude01\ud835\uddee\ud835\ude03\ud835\uddee, \ud835\uddda\ud835\uddff\ud835\uddee\ud835\uddf1\ud835\uddf6\ud835\uddfb\ud835\uddee\ud835\uddff\ud835\uddf6, \ud835\udddb\ud835\uddfc\ud835\ude01\ud835\uddee\ud835\uddff\ud835\uddf2\ud835\uddf9\ud835\uddf2, \ud835\udddc\ud835\ude07\ud835\ude03\ud835\uddfc\ud835\uddee\ud835\uddff\ud835\uddf2\ud835\uddf9\ud835\uddf2, \ud835\udde9\ud835\uddee\ud835\uddf9\ud835\uddf2\ud835\uddee \ud835\uddd5\ud835\ude02\ud835\uddf7\ud835\uddfc\ud835\uddff\ud835\ude02\ud835\uddf9\ud835\ude02\ud835\uddf6, \ud835\udde6\ud835\uddf6\ud835\uddfb\ud835\uddf4\ud835\ude02\ud835\uddff\ud835\uddf2\ud835\uddfb\ud835\uddf6, \ud835\udde2\ud835\uddf6\ud835\uddfb\ud835\uddee\ud835\uddf0\ud835\ude02, \ud835\udde2\ud835\uddfb\ud835\uddf0\ud835\uddf2\ud835\ude00\ud835\ude01\ud835\uddf6, \ud835\uddd6.\ud835\udde3.\ud835\uddd4.\ud835\uddd7.<\/p>\n\n\n\n<p><a href=\"https:\/\/www.facebook.com\/CaminZahariaSiElisabeta?__cft__[0]=AZV6unru1vt1Zw0klLM29002DjhUQmclgDTFCSNjPEBHEh0RbNjAq6Ujt83hjpUEd6EcCP-NnnXqxyw1OPXZ5UAyDRHzLC-ak1mOTWTce1EA-ZuO7JSaf3iJS7fpKzoWtqZ3FMpVUKkL_TVVK2NBYKNJv9B7H3rTGMxyee-t8U13G7zcyZUmzir8-x7tN4bqDLY&amp;__tn__=-]K-R\">Camin pentru batrani Sf. Teodora<\/a>, Ilfov &#8211; Dnul. Administrator<\/p>\n\n\n\n<p>Pirosca Daniel<\/p>\n\n\n\n<p><a href=\"https:\/\/www.facebook.com\/inimifrumoase?__cft__[0]=AZV6unru1vt1Zw0klLM29002DjhUQmclgDTFCSNjPEBHEh0RbNjAq6Ujt83hjpUEd6EcCP-NnnXqxyw1OPXZ5UAyDRHzLC-ak1mOTWTce1EA-ZuO7JSaf3iJS7fpKzoWtqZ3FMpVUKkL_TVVK2NBYKNJv9B7H3rTGMxyee-t8U13G7zcyZUmzir8-x7tN4bqDLY&amp;__tn__=-]K-R\">Camin de Batrani Inimi Frumoase<\/a>, D\u00e2mbovita &#8211; Dna. Administrator \ud835\udde0\ud835\uddfc\ud835\uddfb\ud835\uddf6\ud835\uddf0\ud835\uddee \ud835\uddd4\ud835\uddfd\ud835\uddfc\ud835\ude00\ud835\ude01\ud835\uddfc\ud835\uddf9<\/p>\n\n\n\n<p><a href=\"https:\/\/www.facebook.com\/CruceaAlbGalbena\/?__cft__[0]=AZV6unru1vt1Zw0klLM29002DjhUQmclgDTFCSNjPEBHEh0RbNjAq6Ujt83hjpUEd6EcCP-NnnXqxyw1OPXZ5UAyDRHzLC-ak1mOTWTce1EA-ZuO7JSaf3iJS7fpKzoWtqZ3FMpVUKkL_TVVK2NBYKNJv9B7H3rTGMxyee-t8U13G7zcyZUmzir8-x7tN4bqDLY&amp;__tn__=kK-R\">Crucea Alb-Galbena Romania<\/a>, Bucuresti &#8211; \ud835\uddd7\ud835\uddfb\ud835\uddee. \ud835\uddd7\ud835\uddf6\ud835\uddff\ud835\uddf2\ud835\uddf0\ud835\ude01\ud835\uddfc\ud835\uddff \ud835\uddda\ud835\uddf2\ud835\uddfb\ud835\uddf2\ud835\uddff\ud835\uddee\ud835\uddf9 \ud835\udde0\ud835\uddee\ud835\uddff\ud835\uddf6\ud835\ude02\ud835\uddf0\ud835\uddee \ud835\udddc\ud835\ude03\ud835\uddee\ud835\uddfb<\/p>\n\n\n\n<p> \ud835\uddd4\ud835\ude00\ud835\uddfc\ud835\uddf0\ud835\uddf6\ud835\uddee\ud835\ude01\ud835\uddf6\ud835\uddee \ud835\udddc\ud835\uddfb\ud835\ude00\ud835\ude01\ud835\uddf6\ud835\ude01\ud835\ude02\ud835\ude01\ud835\ude02\ud835\uddf9 \ud835\uddfd\ud835\uddf2\ud835\uddfb\ud835\ude01\ud835\uddff\ud835\ude02 <a href=\"https:\/\/www.facebook.com\/profile.php?id=100064206937599&amp;__cft__[0]=AZV6unru1vt1Zw0klLM29002DjhUQmclgDTFCSNjPEBHEh0RbNjAq6Ujt83hjpUEd6EcCP-NnnXqxyw1OPXZ5UAyDRHzLC-ak1mOTWTce1EA-ZuO7JSaf3iJS7fpKzoWtqZ3FMpVUKkL_TVVK2NBYKNJv9B7H3rTGMxyee-t8U13G7zcyZUmzir8-x7tN4bqDLY&amp;__tn__=-]K-R\">\u00cemb\u0103tr\u00e2nire Activ\u0103<\/a>, Bucuresti &#8211; Dna. Presedinte Alexandra Dobre<\/p>\n\n\n\n<p><a href=\"https:\/\/www.facebook.com\/profile.php?id=100064581736678&amp;__cft__[0]=AZV6unru1vt1Zw0klLM29002DjhUQmclgDTFCSNjPEBHEh0RbNjAq6Ujt83hjpUEd6EcCP-NnnXqxyw1OPXZ5UAyDRHzLC-ak1mOTWTce1EA-ZuO7JSaf3iJS7fpKzoWtqZ3FMpVUKkL_TVVK2NBYKNJv9B7H3rTGMxyee-t8U13G7zcyZUmzir8-x7tN4bqDLY&amp;__tn__=-]K-R\">Asociatia CARP &#8220;Omenia&#8221; Bucuresti &#8211; Serviciul Social<\/a><\/p>\n\n\n\n<p> ARPIA-Asocia\u021bia Rom\u00e2n\u0103 Pentru Propaganda \u0219i Istoria Aeronauticii<\/p>\n\n\n\n<p><a href=\"https:\/\/www.facebook.com\/AsociatiaFourChange\/?__cft__[0]=AZV6unru1vt1Zw0klLM29002DjhUQmclgDTFCSNjPEBHEh0RbNjAq6Ujt83hjpUEd6EcCP-NnnXqxyw1OPXZ5UAyDRHzLC-ak1mOTWTce1EA-ZuO7JSaf3iJS7fpKzoWtqZ3FMpVUKkL_TVVK2NBYKNJv9B7H3rTGMxyee-t8U13G7zcyZUmzir8-x7tN4bqDLY&amp;__tn__=kK-R\">Asociatia Four Change<\/a> &#8211; Dna. \ud835\udde0\ud835\uddee\ud835\uddff\ud835\uddf6\ud835\uddee\ud835\uddfb\ud835\uddee \ud835\udde2\ud835\uddee\ud835\uddfb\ud835\uddf0\ud835\uddf2\ud835\uddee &#8211; \ud835\uddd6\ud835\uddfc\ud835\uddfc\ud835\uddff\ud835\uddf1\ud835\uddfc\ud835\uddfb\ud835\uddee\ud835\ude01\ud835\uddfc\ud835\uddff \ud835\ude00\ud835\uddf2\ud835\uddff\ud835\ude03\ud835\uddf6\ud835\uddf0\ud835\uddf6\ud835\ude02 \ud835\uddf6\ud835\uddfb\ud835\uddf4\ud835\uddff\ud835\uddf6\ud835\uddf7\ud835\uddf6\ud835\uddff\ud835\uddf2 \ud835\uddf9\ud835\uddee \ud835\uddf1\ud835\uddfc\ud835\uddfa\ud835\uddf6\ud835\uddf0\ud835\uddf6\ud835\uddf9\ud835\uddf6\ud835\ude02.<\/p>\n\n\n<div class=\"wp-block-image\">\n<figure class=\"aligncenter size-large is-resized\"><img fetchpriority=\"high\" decoding=\"async\" src=\"http:\/\/oamenivalorifapte.ro\/wp-content\/uploads\/2022\/12\/272144282_133009365866418_6550438674258453315_n-1024x845.jpg\" alt=\"\" class=\"wp-image-117\" width=\"418\" height=\"345\" srcset=\"https:\/\/oamenivalorifapte.ro\/wp-content\/uploads\/2022\/12\/272144282_133009365866418_6550438674258453315_n-1024x845.jpg 1024w, https:\/\/oamenivalorifapte.ro\/wp-content\/uploads\/2022\/12\/272144282_133009365866418_6550438674258453315_n-300x247.jpg 300w, https:\/\/oamenivalorifapte.ro\/wp-content\/uploads\/2022\/12\/272144282_133009365866418_6550438674258453315_n-768x634.jpg 768w, https:\/\/oamenivalorifapte.ro\/wp-content\/uploads\/2022\/12\/272144282_133009365866418_6550438674258453315_n-1536x1267.jpg 1536w, https:\/\/oamenivalorifapte.ro\/wp-content\/uploads\/2022\/12\/272144282_133009365866418_6550438674258453315_n.jpg 1811w\" sizes=\"(max-width: 418px) 100vw, 418px\" \/><\/figure><\/div>","protected":false},"excerpt":{"rendered":"<p>\u201c\ud835\udc0f\ud835\udc2b\ud835\udc28\ud835\udc22\ud835\udc1e\ud835\udc1c\ud835\udc2d\ud835\udc2e\ud835\udc25 \ud835\udc1d\ud835\udc1e \ud835\udc12\ud835\udc1a\ud835\udc27\ud835\udc1a\ud835\udc2d\ud835\udc1a\ud835\udc2d\ud835\udc1e \ud835\udc29\ud835\udc1e\ud835\udc27\ud835\udc2d\ud835\udc2b\ud835\udc2e \ud835\udc29\ud835\udc1e\ud835\udc2b\ud835\udc2c\ud835\udc28\ud835\udc1a\ud835\udc27\ud835\udc1e \ud835\udc2f\ud835\udc2e\ud835\udc25\ud835\udc27\ud835\udc1e\ud835\udc2b\ud835\udc1a\ud835\udc1b\ud835\udc22\ud835\udc25\ud835\udc1e\u201c ne-a deschis frumos orizontul actiunilor umanitare [&hellip;]<\/p>\n","protected":false},"author":1,"featured_media":0,"parent":0,"menu_order":0,"comment_status":"closed","ping_status":"closed","template":"","meta":{"_seopress_robots_primary_cat":"","_seopress_titles_title":"","_seopress_titles_desc":"","_seopress_robots_index":"","footnotes":""},"class_list":["post-114","page","type-page","status-publish","hentry"],"_links":{"self":[{"href":"https:\/\/oamenivalorifapte.ro\/index.php\/wp-json\/wp\/v2\/pages\/114"}],"collection":[{"href":"https:\/\/oamenivalorifapte.ro\/index.php\/wp-json\/wp\/v2\/pages"}],"about":[{"href":"https:\/\/oamenivalorifapte.ro\/index.php\/wp-json\/wp\/v2\/types\/page"}],"author":[{"embeddable":true,"href":"https:\/\/oamenivalorifapte.ro\/index.php\/wp-json\/wp\/v2\/users\/1"}],"replies":[{"embeddable":true,"href":"https:\/\/oamenivalorifapte.ro\/index.php\/wp-json\/wp\/v2\/comments?post=114"}],"version-history":[{"count":2,"href":"https:\/\/oamenivalorifapte.ro\/index.php\/wp-json\/wp\/v2\/pages\/114\/revisions"}],"predecessor-version":[{"id":946,"href":"https:\/\/oamenivalorifapte.ro\/index.php\/wp-json\/wp\/v2\/pages\/114\/revisions\/946"}],"wp:attachment":[{"href":"https:\/\/oamenivalorifapte.ro\/index.php\/wp-json\/wp\/v2\/media?parent=114"}],"curies":[{"name":"wp","href":"https:\/\/api.w.org\/{rel}","templated":true}]}}