{"id":121,"date":"2022-12-07T07:05:29","date_gmt":"2022-12-07T07:05:29","guid":{"rendered":"http:\/\/oamenivalorifapte.ro\/?page_id=121"},"modified":"2022-12-07T07:05:30","modified_gmt":"2022-12-07T07:05:30","slug":"proiect-be-their-santa","status":"publish","type":"page","link":"https:\/\/oamenivalorifapte.ro\/index.php\/proiect-be-their-santa\/","title":{"rendered":"Proiect &#8220;Be their Santa&#8221;"},"content":{"rendered":"\n<p>Suntem bucurosi s\u0103 v\u0103 prezent\u0103m Primul nostru Proiect de suflet, pentru copii.<\/p>\n\n\n\n<p>Ziua de s\u00e2mb\u0103t\u0103, 18 decembrie 2021, a \u00eensemnat o bucurie inedit\u0103 de Cr\u0103ciun, pentru cei 163 de copii din cadrul centrelor sociale D.G.A.S.P.C. Giurgiu (c\u0103su\u021be de tip familial pentru copii provenind din familii monoparentale, copii cu nevoi speciale, complexe de servicii sociale).<\/p>\n\n\n\n<p>Proiectul a \u00eenceput cu g\u00e2ndul: \u201eCe ocazie frumoas\u0103, s\u0103 po\u021bi \u00eendeplini dorin\u021bele copiilor, scrise \u0219i adresate lui <a><\/a>Mo\u0219 Cr\u0103ciun, de s\u0103rb\u0103tori!\u201d<\/p>\n\n\n\n<p>\u201eBe Their Santa\u201d, proiect desf\u0103\u0219urat de Asocia\u021bia Oameni, Valori, Fapte \u00een parteneriat cu compania Hewlett Packard, a creat Magie.<\/p>\n\n\n\n<p>\u00cenc\u0103 din luna noiembrie, copiii din cadrul centrelor Dgaspc Giurgiu, au scris scrisori pentru Mo\u0219 Cr\u0103ciun, \u00een care \u0219i-au exprimat dorin\u021bele \u0219i \u00eencrederea c\u0103 scrisoarea va primi aten\u021bie \u0219i dorin\u021bele se vor \u00eendeplini. A\u0219a s-a \u0219i \u00eent\u00e2mplat: voluntarii Hewlett Packard, prin grija Asocia\u021biei Oameni, Valori, Fapte, au primit scrisorile copiilor, iar \u00een nici mai mult de o or\u0103 voluntarii HP s-au mobilizat \u0219i fiecare voluntar a avut atribuit\u0103 c\u00e2te o scrisoare. Ace\u0219tia au pornit la drum, au cump\u0103rat cadourile \u0219i cu mult\u0103 seriozitate au respectat fiecare dorin\u021b\u0103 scris\u0103 de copii, fie c\u0103 a fost \u201eo minge, un trening si o p\u0103pu\u0219\u0103 roz\u201d, fie: \u201cniste ghetu\u021be groase, c\u0103lduroase, dulciuri si de rest s\u0103 \u00ee\u021bi iei tu Mo\u0219ule o geac\u0103 groas\u0103\u201d, le-au \u00eempachetat cu sclipiri de culoare, \u0219i le-au dus Mo\u0219ului la sediul s\u0103u.<\/p>\n\n\n\n<p>Primirea cadourilor de c\u0103tre copii, a fost marcat\u0103 printr-o Serbare de Cr\u0103ciun, la \u201cTeatrul Tudor Vianu\u201d din Giurgiu, prin punerea \u00een scen\u0103 a piesei \u201cCopacul \u00cen\u021belept\u201d de c\u0103tre Trupa de spectacole pentru copii MiniRicii.<\/p>\n\n\n\n<p>\u201eEu sunt Copacul ce se \u00eenal\u021b\u0103<\/p>\n\n\n\n<p>C\u00e2nd am credin\u021b\u0103 \u0219i speran\u021b\u0103.<\/p>\n\n\n\n<p>Ce armonie, c\u00e2nd po\u021bi s\u0103 d\u0103ruie\u0219ti: O Bucurie<\/p>\n\n\n\n<p>Celor pe care \u00eei iube\u0219ti.&#8221;<\/p>\n\n\n\n<p>Versuri din spectacolul &#8220;Copacul \u00cen\u021belept&#8221; care a fost mult apreciat de copii, ne-au inspirat pe noi, pentru c\u0103 vrem s\u0103 le fim acestor copii \u0219i bucurie prin oferirea de cadouri, si \u00eendrumare pentru via\u021b\u0103, m\u00e2ng\u00e2iere \u0219i \u00eembr\u0103\u021bi\u0219are, dar \u0219i suport pentru a contribui la formarea oamenilor mari de m\u00e2ine.<\/p>\n\n\n\n<p>Pentru ca magia s\u0103 se p\u0103streze, copiii au primit cadourile mult dorite, \u00eenm\u00e2nate chiar de Mo\u0219 Cr\u0103ciun cu Spiridu\u0219ii s\u0103i, \u0219i nu mici au fost emo\u021biile c\u00e2nd alergau cu entuziasm c\u0103tre scen\u0103 s\u0103 cuprind\u0103 \u00een bra\u021be \u00eenreaga dorin\u021b\u0103 de Cr\u0103ciun.<\/p>\n\n\n\n<p>Z\u00e2mbetele lor sincere, aplauzele \u0219i r\u00e2setele din timpul spectacolului, ochi\u0219orii plini de bl\u00e2nde\u021be \u0219i rug\u0103minte, \u00eembr\u0103\u021bi\u0219\u0103rile cu care ne-au spus: \u201cla revedere, c\u00e2nd mai veni\u021bi la noi, pute\u021bi s\u0103 ne aduce\u021bi multe fundi\u021be din acestea? s\u0103 fie de toate culorile\u201d, ne-au f\u0103cut s\u0103 \u0219tim c\u0103 ne-am \u00eemplinit misiunea de iarn\u0103!<\/p>\n\n\n\n<p>Mul\u021bumim tuturor celor implica\u021bi, care ne-au ajutat s\u0103 organiz\u0103m acest frumos eveniment dedicat copiilor cu nevoie de iubire \u0219i speran\u021b\u0103!!<\/p>\n\n\n<div class=\"wp-block-image\">\n<figure class=\"aligncenter size-large is-resized\"><img fetchpriority=\"high\" decoding=\"async\" src=\"http:\/\/oamenivalorifapte.ro\/wp-content\/uploads\/2022\/12\/269863573_124823306685024_3307915252972993520_n-1-1024x576.jpg\" alt=\"\" class=\"wp-image-124\" width=\"444\" height=\"249\" srcset=\"https:\/\/oamenivalorifapte.ro\/wp-content\/uploads\/2022\/12\/269863573_124823306685024_3307915252972993520_n-1-1024x576.jpg 1024w, https:\/\/oamenivalorifapte.ro\/wp-content\/uploads\/2022\/12\/269863573_124823306685024_3307915252972993520_n-1-300x169.jpg 300w, https:\/\/oamenivalorifapte.ro\/wp-content\/uploads\/2022\/12\/269863573_124823306685024_3307915252972993520_n-1-768x432.jpg 768w, https:\/\/oamenivalorifapte.ro\/wp-content\/uploads\/2022\/12\/269863573_124823306685024_3307915252972993520_n-1-1536x864.jpg 1536w, https:\/\/oamenivalorifapte.ro\/wp-content\/uploads\/2022\/12\/269863573_124823306685024_3307915252972993520_n-1.jpg 2048w\" sizes=\"(max-width: 444px) 100vw, 444px\" \/><\/figure><\/div>\n\n\n<figure class=\"wp-block-gallery has-nested-images columns-default is-cropped wp-block-gallery-1 is-layout-flex wp-block-gallery-is-layout-flex\">\n<figure class=\"wp-block-image size-large\"><img decoding=\"async\" width=\"1024\" height=\"768\" data-id=\"50\" src=\"http:\/\/oamenivalorifapte.ro\/wp-content\/uploads\/2022\/12\/269691683_124822700018418_70516275252363618_n-1024x768.jpg\" alt=\"\" class=\"wp-image-50\" srcset=\"https:\/\/oamenivalorifapte.ro\/wp-content\/uploads\/2022\/12\/269691683_124822700018418_70516275252363618_n-1024x768.jpg 1024w, https:\/\/oamenivalorifapte.ro\/wp-content\/uploads\/2022\/12\/269691683_124822700018418_70516275252363618_n-300x225.jpg 300w, https:\/\/oamenivalorifapte.ro\/wp-content\/uploads\/2022\/12\/269691683_124822700018418_70516275252363618_n-768x576.jpg 768w, https:\/\/oamenivalorifapte.ro\/wp-content\/uploads\/2022\/12\/269691683_124822700018418_70516275252363618_n-1536x1152.jpg 1536w, https:\/\/oamenivalorifapte.ro\/wp-content\/uploads\/2022\/12\/269691683_124822700018418_70516275252363618_n.jpg 2048w\" sizes=\"(max-width: 1024px) 100vw, 1024px\" \/><\/figure>\n\n\n\n<figure class=\"wp-block-image size-large\"><img decoding=\"async\" width=\"768\" height=\"1024\" data-id=\"51\" src=\"http:\/\/oamenivalorifapte.ro\/wp-content\/uploads\/2022\/12\/269707030_124823063351715_5914855893430697548_n-768x1024.jpg\" alt=\"\" class=\"wp-image-51\" srcset=\"https:\/\/oamenivalorifapte.ro\/wp-content\/uploads\/2022\/12\/269707030_124823063351715_5914855893430697548_n-768x1024.jpg 768w, https:\/\/oamenivalorifapte.ro\/wp-content\/uploads\/2022\/12\/269707030_124823063351715_5914855893430697548_n-225x300.jpg 225w, https:\/\/oamenivalorifapte.ro\/wp-content\/uploads\/2022\/12\/269707030_124823063351715_5914855893430697548_n-1152x1536.jpg 1152w, https:\/\/oamenivalorifapte.ro\/wp-content\/uploads\/2022\/12\/269707030_124823063351715_5914855893430697548_n.jpg 1536w\" sizes=\"(max-width: 768px) 100vw, 768px\" \/><\/figure>\n\n\n\n<figure class=\"wp-block-image size-large\"><img loading=\"lazy\" decoding=\"async\" width=\"768\" height=\"1024\" data-id=\"54\" src=\"http:\/\/oamenivalorifapte.ro\/wp-content\/uploads\/2022\/12\/269837981_124822910018397_6653564183942596348_n-768x1024.jpg\" alt=\"\" class=\"wp-image-54\" srcset=\"https:\/\/oamenivalorifapte.ro\/wp-content\/uploads\/2022\/12\/269837981_124822910018397_6653564183942596348_n-768x1024.jpg 768w, https:\/\/oamenivalorifapte.ro\/wp-content\/uploads\/2022\/12\/269837981_124822910018397_6653564183942596348_n-225x300.jpg 225w, https:\/\/oamenivalorifapte.ro\/wp-content\/uploads\/2022\/12\/269837981_124822910018397_6653564183942596348_n-1152x1536.jpg 1152w, https:\/\/oamenivalorifapte.ro\/wp-content\/uploads\/2022\/12\/269837981_124822910018397_6653564183942596348_n.jpg 1536w\" sizes=\"(max-width: 768px) 100vw, 768px\" \/><\/figure>\n\n\n\n<figure class=\"wp-block-image size-large\"><img loading=\"lazy\" decoding=\"async\" width=\"1024\" height=\"768\" data-id=\"53\" src=\"http:\/\/oamenivalorifapte.ro\/wp-content\/uploads\/2022\/12\/269762525_124822013351820_2780495133262635042_n-1024x768.jpg\" alt=\"\" class=\"wp-image-53\" srcset=\"https:\/\/oamenivalorifapte.ro\/wp-content\/uploads\/2022\/12\/269762525_124822013351820_2780495133262635042_n-1024x768.jpg 1024w, https:\/\/oamenivalorifapte.ro\/wp-content\/uploads\/2022\/12\/269762525_124822013351820_2780495133262635042_n-300x225.jpg 300w, https:\/\/oamenivalorifapte.ro\/wp-content\/uploads\/2022\/12\/269762525_124822013351820_2780495133262635042_n-768x576.jpg 768w, https:\/\/oamenivalorifapte.ro\/wp-content\/uploads\/2022\/12\/269762525_124822013351820_2780495133262635042_n-1536x1152.jpg 1536w, https:\/\/oamenivalorifapte.ro\/wp-content\/uploads\/2022\/12\/269762525_124822013351820_2780495133262635042_n.jpg 2048w\" sizes=\"(max-width: 1024px) 100vw, 1024px\" \/><\/figure>\n\n\n\n<figure class=\"wp-block-image size-large\"><img loading=\"lazy\" decoding=\"async\" width=\"768\" height=\"1024\" data-id=\"52\" src=\"http:\/\/oamenivalorifapte.ro\/wp-content\/uploads\/2022\/12\/269731284_124822600018428_4717355240773204851_n-768x1024.jpg\" alt=\"\" class=\"wp-image-52\" srcset=\"https:\/\/oamenivalorifapte.ro\/wp-content\/uploads\/2022\/12\/269731284_124822600018428_4717355240773204851_n-768x1024.jpg 768w, https:\/\/oamenivalorifapte.ro\/wp-content\/uploads\/2022\/12\/269731284_124822600018428_4717355240773204851_n-225x300.jpg 225w, https:\/\/oamenivalorifapte.ro\/wp-content\/uploads\/2022\/12\/269731284_124822600018428_4717355240773204851_n-1152x1536.jpg 1152w, https:\/\/oamenivalorifapte.ro\/wp-content\/uploads\/2022\/12\/269731284_124822600018428_4717355240773204851_n.jpg 1536w\" sizes=\"(max-width: 768px) 100vw, 768px\" \/><\/figure>\n\n\n\n<figure class=\"wp-block-image size-large\"><img loading=\"lazy\" decoding=\"async\" width=\"1024\" height=\"768\" data-id=\"49\" src=\"http:\/\/oamenivalorifapte.ro\/wp-content\/uploads\/2022\/12\/269714441_124822173351804_9038493959750976954_n-1024x768.jpg\" alt=\"\" class=\"wp-image-49\" srcset=\"https:\/\/oamenivalorifapte.ro\/wp-content\/uploads\/2022\/12\/269714441_124822173351804_9038493959750976954_n-1024x768.jpg 1024w, https:\/\/oamenivalorifapte.ro\/wp-content\/uploads\/2022\/12\/269714441_124822173351804_9038493959750976954_n-300x225.jpg 300w, https:\/\/oamenivalorifapte.ro\/wp-content\/uploads\/2022\/12\/269714441_124822173351804_9038493959750976954_n-768x576.jpg 768w, https:\/\/oamenivalorifapte.ro\/wp-content\/uploads\/2022\/12\/269714441_124822173351804_9038493959750976954_n-1536x1152.jpg 1536w, https:\/\/oamenivalorifapte.ro\/wp-content\/uploads\/2022\/12\/269714441_124822173351804_9038493959750976954_n.jpg 2048w\" sizes=\"(max-width: 1024px) 100vw, 1024px\" \/><\/figure>\n\n\n\n<figure class=\"wp-block-image size-large\"><img loading=\"lazy\" decoding=\"async\" width=\"1024\" height=\"768\" data-id=\"48\" src=\"http:\/\/oamenivalorifapte.ro\/wp-content\/uploads\/2022\/12\/269693035_124822233351798_7461730671281299605_n-1024x768.jpg\" alt=\"\" class=\"wp-image-48\" srcset=\"https:\/\/oamenivalorifapte.ro\/wp-content\/uploads\/2022\/12\/269693035_124822233351798_7461730671281299605_n-1024x768.jpg 1024w, https:\/\/oamenivalorifapte.ro\/wp-content\/uploads\/2022\/12\/269693035_124822233351798_7461730671281299605_n-300x225.jpg 300w, https:\/\/oamenivalorifapte.ro\/wp-content\/uploads\/2022\/12\/269693035_124822233351798_7461730671281299605_n-768x576.jpg 768w, https:\/\/oamenivalorifapte.ro\/wp-content\/uploads\/2022\/12\/269693035_124822233351798_7461730671281299605_n-1536x1152.jpg 1536w, https:\/\/oamenivalorifapte.ro\/wp-content\/uploads\/2022\/12\/269693035_124822233351798_7461730671281299605_n.jpg 2048w\" sizes=\"(max-width: 1024px) 100vw, 1024px\" \/><\/figure>\n<\/figure>\n","protected":false},"excerpt":{"rendered":"<p>Suntem bucurosi s\u0103 v\u0103 prezent\u0103m Primul nostru Proiect de suflet, pentru copii. [&hellip;]<\/p>\n","protected":false},"author":1,"featured_media":0,"parent":0,"menu_order":0,"comment_status":"closed","ping_status":"closed","template":"","meta":{"_seopress_robots_primary_cat":"","_seopress_titles_title":"","_seopress_titles_desc":"","_seopress_robots_index":"","footnotes":""},"class_list":["post-121","page","type-page","status-publish","hentry"],"_links":{"self":[{"href":"https:\/\/oamenivalorifapte.ro\/index.php\/wp-json\/wp\/v2\/pages\/121"}],"collection":[{"href":"https:\/\/oamenivalorifapte.ro\/index.php\/wp-json\/wp\/v2\/pages"}],"about":[{"href":"https:\/\/oamenivalorifapte.ro\/index.php\/wp-json\/wp\/v2\/types\/page"}],"author":[{"embeddable":true,"href":"https:\/\/oamenivalorifapte.ro\/index.php\/wp-json\/wp\/v2\/users\/1"}],"replies":[{"embeddable":true,"href":"https:\/\/oamenivalorifapte.ro\/index.php\/wp-json\/wp\/v2\/comments?post=121"}],"version-history":[{"count":1,"href":"https:\/\/oamenivalorifapte.ro\/index.php\/wp-json\/wp\/v2\/pages\/121\/revisions"}],"predecessor-version":[{"id":125,"href":"https:\/\/oamenivalorifapte.ro\/index.php\/wp-json\/wp\/v2\/pages\/121\/revisions\/125"}],"wp:attachment":[{"href":"https:\/\/oamenivalorifapte.ro\/index.php\/wp-json\/wp\/v2\/media?parent=121"}],"curies":[{"name":"wp","href":"https:\/\/api.w.org\/{rel}","templated":true}]}}