{"id":167,"date":"2022-12-07T07:38:38","date_gmt":"2022-12-07T07:38:38","guid":{"rendered":"http:\/\/oamenivalorifapte.ro\/?page_id=167"},"modified":"2022-12-07T07:38:39","modified_gmt":"2022-12-07T07:38:39","slug":"proiect-suntem-ingeri-pentru-un-copil","status":"publish","type":"page","link":"https:\/\/oamenivalorifapte.ro\/index.php\/proiect-suntem-ingeri-pentru-un-copil\/","title":{"rendered":"Proiect &#8220;Suntem ingeri pentru un copil&#8221;"},"content":{"rendered":"\n<p>St\u0103 \u00een puterea noastr\u0103 s\u0103 schimb\u0103m resemnarea unor copii neferici\u021bi \u00een vibra\u021bii de lumin\u0103, iubire \u0219i armonie. <\/p>\n\n\n\n<p>Poate c\u0103 a\u0219a a fost s\u0103 fie! Nimic \u00eent\u00e2mpl\u0103tor!<\/p>\n\n\n\n<p>Pur \u0219i simplu, totul a fost o \ud835\udc68\ud835\udc93\ud835\udc8e\ud835\udc90\ud835\udc8f\ud835\udc8a\ud835\udc86! <\/p>\n\n\n\n<p>\u00centre \u00eenceputul prim\u0103verii astronomice (Echinoc\u021biul de Prim\u0103var\u0103), celebrarea poeziei (Ziua Mondial\u0103 a Poeziei) \u0219i \u00eenceputul unui nou proiect <a href=\"https:\/\/www.facebook.com\/hashtag\/oamenivalorifapte?__eep__=6&amp;__cft__[0]=AZVy2nrVKGGwwbCeMWg42AA_SYYRwzV5t4zeimk9Xmtp_GZx40EeNpm0rZ15Wu451krxSBM7KJ3bkpo8gisSNx_NU2_PkRIb4SWv_L83vwt1pzQuVr_U_B6y7OHmpwvsUcQRwqRlB-gR80Vk-kUcXljUbPE0o_kTguWggj1wbRh_yp8xq8hku3y7ToYp11M0jY0&amp;__tn__=*NK-R\">#OameniValoriFapte<\/a> marcat de aniversarea celor 11 prim\u0103veri ale Cristinei-Marinela.<\/p>\n\n\n\n<p>\u201c\ud835\udc12\ud835\udc2e\ud835\udc27\ud835\udc2d\ud835\udc1e\ud835\udc26 \ud835\udc08\ud835\udc27\ud835\udc20\ud835\udc1e\ud835\udc2b\ud835\udc22 \ud835\udc29\ud835\udc1e\ud835\udc27\ud835\udc2d\ud835\udc2b\ud835\udc2e \ud835\udc2e\ud835\udc27 \ud835\udc1c\ud835\udc28\ud835\udc29\ud835\udc22\ud835\udc25!\u201d este proiectul prin care, \u00een fiecare lun\u0103, pe parcursul anului 2022 vom fi bucuro\u0219i s\u0103 anivers\u0103m zilele de na\u0219tere a beneficiarilor din centrele <a href=\"https:\/\/www.facebook.com\/Dgaspc-Giurgiu-137153200351347\/?__cft__[0]=AZVy2nrVKGGwwbCeMWg42AA_SYYRwzV5t4zeimk9Xmtp_GZx40EeNpm0rZ15Wu451krxSBM7KJ3bkpo8gisSNx_NU2_PkRIb4SWv_L83vwt1pzQuVr_U_B6y7OHmpwvsUcQRwqRlB-gR80Vk-kUcXljUbPE0o_kTguWggj1wbRh_yp8xq8hku3y7ToYp11M0jY0&amp;__tn__=kK-R\">Dgaspc Giurgiu<\/a>. Ne-am al\u0103turat campaniei lansat\u0103 de <a href=\"https:\/\/www.facebook.com\/profile.php?id=100064974212539&amp;__cft__[0]=AZVy2nrVKGGwwbCeMWg42AA_SYYRwzV5t4zeimk9Xmtp_GZx40EeNpm0rZ15Wu451krxSBM7KJ3bkpo8gisSNx_NU2_PkRIb4SWv_L83vwt1pzQuVr_U_B6y7OHmpwvsUcQRwqRlB-gR80Vk-kUcXljUbPE0o_kTguWggj1wbRh_yp8xq8hku3y7ToYp11M0jY0&amp;__tn__=-]K-R\">Consiliul Jude\u021bean Giurgiu<\/a>.<\/p>\n\n\n\n<p>\u2026\u2026 \u0219i a inceput cu \ud835\udc82 11-\ud835\udc82 \ud835\udc77\ud835\udc93\ud835\udc8a\ud835\udc8e\ud835\udc82\u0306\ud835\udc97\ud835\udc82\ud835\udc93\ud835\udc82\u0306 \ud835\udc82 \ud835\udc6a\ud835\udc93\ud835\udc8a\ud835\udc94\ud835\udc95\ud835\udc8a\ud835\udc8f\ud835\udc86\ud835\udc8a-\ud835\udc74\ud835\udc82\ud835\udc93\ud835\udc8a\ud835\udc8f\ud835\udc86\ud835\udc8d\ud835\udc82 care ne-a adunat impreun\u0103, s\u0103 ne cunoa\u0219tem mai bine, vibr\u00e2nd de bucurie, c\u00e2nt\u00e2nd \u0219i imbr\u0103\u021bi\u0219\u00e2nd, z\u00e2mbind mai mult \u0219i ascult\u00e2ndu-i dorin\u021ba la zi aniversar\u0103.<\/p>\n\n\n\n<p>Sper\u0103m cu to\u021bii la minuni \u015fi la dorin\u0163e \u00eendeplinite! Tradi\u021bia popular\u0103 spune c\u0103 momentul echinoc\u0163iului de prim\u0103var\u0103 este timpul c\u00e2nd se \u00eendeplinesc cele mai mari dorin\u021be.<\/p>\n\n\n\n<p>Astfel de miracole dorim s\u0103 se \u00eent\u00e2mple \u0219i \u00een via\u021ba feti\u021bei de doar 11 ani cu o singur\u0103 dorin\u021b\u0103, spus\u0103 abia \u0219optit, dar care \u00eei d\u0103dea un sens vie\u021bii, o lini\u0219te a tr\u0103irilor, poate de moment \u0219i o speran\u021b\u0103 c\u0103 va fi bine \u0219i pentru ea.<\/p>\n\n\n\n<p>Dintotdeauna miracolul poeziei este un limbaj comun oamenilor, vibra\u021bia sufletelor \u00eempreun\u0103, fie pentru o fr\u00e2ntur\u0103 de timp, fie pentru o via\u021b\u0103. \u0218i cum ne amintim de George Top\u00e2rceanu mai cu seam\u0103 la \u00eenceput de prim\u0103var\u0103,<\/p>\n\n\n\n<p>&#8220;&#8221;\ud835\udc6b\ud835\udc96\ud835\udc91\ud835\udc82\u0306-\ud835\udc82\ud835\udc95\ud835\udc82\u0302\ud835\udc95\ud835\udc82 \ud835\udc87\ud835\udc93\ud835\udc8a\ud835\udc88 \ud835\udc94\u0327\ud835\udc8a \ud835\udc84\ud835\udc86\ud835\udc82\ud835\udc95\u0327\ud835\udc82\u0306<\/p>\n\n\n\n<p>\ud835\udc70\ud835\udc82\ud835\udc93 \ud835\udc94-\ud835\udc82\ud835\udc93\ud835\udc82\ud835\udc95\ud835\udc82\u0306 \ud835\udc94\ud835\udc90\ud835\udc82\ud835\udc93\ud835\udc86\ud835\udc8d\ud835\udc86.<\/p>\n\n\n\n<p>\ud835\udc6b\ud835\udc86-\ud835\udc82\ud835\udc84\ud835\udc96\ud835\udc8e \ud835\udc8f\ud835\udc96 \ud835\udc8f\ud835\udc86 \ud835\udc8e\ud835\udc82\ud835\udc8a \ud835\udc8a\u0302\ud835\udc8f\ud835\udc88\ud835\udc89\ud835\udc86\ud835\udc82\ud835\udc95\u0327\ud835\udc82\u0306<\/p>\n\n\n\n<p>\ud835\udc75\ud835\udc82\ud835\udc94\ud835\udc96\ud835\udc8d \ud835\udc94\u0327\ud835\udc8a \ud835\udc91\ud835\udc8a\ud835\udc84\ud835\udc8a\ud835\udc90\ud835\udc82\ud835\udc93\ud835\udc86\ud835\udc8d\ud835\udc86!&#8221;&#8221; <\/p>\n\n\n\n<p>Asemenea unui miracol al poeziei am fost \u0219i noi \u00eempreun\u0103 cu Cristina-Marinela, cu cei cinci fra\u021bi ai s\u0103i \u0219i cu to\u021bi prietenii mici, al\u0103turi de care via\u021ba prinde contur.<\/p>\n\n\n\n<p>Cu c\u00e2ntec, tort aniversar, pr\u0103jituri, fructe de sezon, \u0219ampanie pentru copii, sucuri \u0219i tot felul de accesorii pentru un moment deosebit! Da, s-a creat un Moment pentru care lic\u0103rul din ochii bl\u00e2nzi ai Cristinei-Marinela ne-a transmis c\u0103 nu \u00eel uita vreodat\u0103!<\/p>\n\n\n\n<figure class=\"wp-block-gallery has-nested-images columns-default is-cropped wp-block-gallery-1 is-layout-flex wp-block-gallery-is-layout-flex\">\n<figure class=\"wp-block-image size-large\"><img fetchpriority=\"high\" decoding=\"async\" width=\"616\" height=\"1024\" data-id=\"170\" src=\"http:\/\/oamenivalorifapte.ro\/wp-content\/uploads\/2022\/12\/275887839_150138954153459_6262589881459673608_n-616x1024.jpg\" alt=\"\" class=\"wp-image-170\" srcset=\"https:\/\/oamenivalorifapte.ro\/wp-content\/uploads\/2022\/12\/275887839_150138954153459_6262589881459673608_n-616x1024.jpg 616w, https:\/\/oamenivalorifapte.ro\/wp-content\/uploads\/2022\/12\/275887839_150138954153459_6262589881459673608_n-180x300.jpg 180w, https:\/\/oamenivalorifapte.ro\/wp-content\/uploads\/2022\/12\/275887839_150138954153459_6262589881459673608_n.jpg 668w\" sizes=\"(max-width: 616px) 100vw, 616px\" \/><\/figure>\n\n\n\n<figure class=\"wp-block-image size-large\"><img decoding=\"async\" width=\"539\" height=\"1024\" data-id=\"171\" src=\"http:\/\/oamenivalorifapte.ro\/wp-content\/uploads\/2022\/12\/275894768_150138630820158_6128623418101550626_n-539x1024.jpg\" alt=\"\" class=\"wp-image-171\" srcset=\"https:\/\/oamenivalorifapte.ro\/wp-content\/uploads\/2022\/12\/275894768_150138630820158_6128623418101550626_n-539x1024.jpg 539w, https:\/\/oamenivalorifapte.ro\/wp-content\/uploads\/2022\/12\/275894768_150138630820158_6128623418101550626_n-158x300.jpg 158w, https:\/\/oamenivalorifapte.ro\/wp-content\/uploads\/2022\/12\/275894768_150138630820158_6128623418101550626_n.jpg 719w\" sizes=\"(max-width: 539px) 100vw, 539px\" \/><\/figure>\n\n\n\n<figure class=\"wp-block-image size-large\"><img decoding=\"async\" width=\"1024\" height=\"461\" data-id=\"172\" src=\"http:\/\/oamenivalorifapte.ro\/wp-content\/uploads\/2022\/12\/276024618_150138880820133_5366650202259924547_n-1024x461.jpg\" alt=\"\" class=\"wp-image-172\" srcset=\"https:\/\/oamenivalorifapte.ro\/wp-content\/uploads\/2022\/12\/276024618_150138880820133_5366650202259924547_n-1024x461.jpg 1024w, https:\/\/oamenivalorifapte.ro\/wp-content\/uploads\/2022\/12\/276024618_150138880820133_5366650202259924547_n-300x135.jpg 300w, https:\/\/oamenivalorifapte.ro\/wp-content\/uploads\/2022\/12\/276024618_150138880820133_5366650202259924547_n-768x346.jpg 768w, https:\/\/oamenivalorifapte.ro\/wp-content\/uploads\/2022\/12\/276024618_150138880820133_5366650202259924547_n-1536x691.jpg 1536w, https:\/\/oamenivalorifapte.ro\/wp-content\/uploads\/2022\/12\/276024618_150138880820133_5366650202259924547_n.jpg 1600w\" sizes=\"(max-width: 1024px) 100vw, 1024px\" \/><\/figure>\n\n\n\n<figure class=\"wp-block-image size-large\"><img loading=\"lazy\" decoding=\"async\" width=\"1024\" height=\"461\" data-id=\"173\" src=\"http:\/\/oamenivalorifapte.ro\/wp-content\/uploads\/2022\/12\/276037928_150138694153485_1823487753859418854_n-1024x461.jpg\" alt=\"\" class=\"wp-image-173\" srcset=\"https:\/\/oamenivalorifapte.ro\/wp-content\/uploads\/2022\/12\/276037928_150138694153485_1823487753859418854_n-1024x461.jpg 1024w, https:\/\/oamenivalorifapte.ro\/wp-content\/uploads\/2022\/12\/276037928_150138694153485_1823487753859418854_n-300x135.jpg 300w, https:\/\/oamenivalorifapte.ro\/wp-content\/uploads\/2022\/12\/276037928_150138694153485_1823487753859418854_n-768x346.jpg 768w, https:\/\/oamenivalorifapte.ro\/wp-content\/uploads\/2022\/12\/276037928_150138694153485_1823487753859418854_n-1536x691.jpg 1536w, https:\/\/oamenivalorifapte.ro\/wp-content\/uploads\/2022\/12\/276037928_150138694153485_1823487753859418854_n.jpg 1600w\" sizes=\"(max-width: 1024px) 100vw, 1024px\" \/><\/figure>\n<\/figure>\n","protected":false},"excerpt":{"rendered":"<p>St\u0103 \u00een puterea noastr\u0103 s\u0103 schimb\u0103m resemnarea unor copii neferici\u021bi \u00een vibra\u021bii [&hellip;]<\/p>\n","protected":false},"author":1,"featured_media":0,"parent":0,"menu_order":0,"comment_status":"closed","ping_status":"closed","template":"","meta":{"_seopress_robots_primary_cat":"","_seopress_titles_title":"","_seopress_titles_desc":"","_seopress_robots_index":"","footnotes":""},"class_list":["post-167","page","type-page","status-publish","hentry"],"_links":{"self":[{"href":"https:\/\/oamenivalorifapte.ro\/index.php\/wp-json\/wp\/v2\/pages\/167"}],"collection":[{"href":"https:\/\/oamenivalorifapte.ro\/index.php\/wp-json\/wp\/v2\/pages"}],"about":[{"href":"https:\/\/oamenivalorifapte.ro\/index.php\/wp-json\/wp\/v2\/types\/page"}],"author":[{"embeddable":true,"href":"https:\/\/oamenivalorifapte.ro\/index.php\/wp-json\/wp\/v2\/users\/1"}],"replies":[{"embeddable":true,"href":"https:\/\/oamenivalorifapte.ro\/index.php\/wp-json\/wp\/v2\/comments?post=167"}],"version-history":[{"count":1,"href":"https:\/\/oamenivalorifapte.ro\/index.php\/wp-json\/wp\/v2\/pages\/167\/revisions"}],"predecessor-version":[{"id":174,"href":"https:\/\/oamenivalorifapte.ro\/index.php\/wp-json\/wp\/v2\/pages\/167\/revisions\/174"}],"wp:attachment":[{"href":"https:\/\/oamenivalorifapte.ro\/index.php\/wp-json\/wp\/v2\/media?parent=167"}],"curies":[{"name":"wp","href":"https:\/\/api.w.org\/{rel}","templated":true}]}}