{"id":207,"date":"2022-12-07T14:50:15","date_gmt":"2022-12-07T14:50:15","guid":{"rendered":"http:\/\/oamenivalorifapte.ro\/?page_id=207"},"modified":"2024-11-08T19:49:58","modified_gmt":"2024-11-08T19:49:58","slug":"programul-de-educ","status":"publish","type":"page","link":"https:\/\/oamenivalorifapte.ro\/index.php\/programul-de-educ\/","title":{"rendered":"Programul de educa\u021bie, igien\u0103 \u0219i \u00eendrumare pentru copii"},"content":{"rendered":"\n<p>\ud835\udfcf\ud835\udfd3 \ud835\udc28\ud835\udc1c\ud835\udc2d\ud835\udc28\ud835\udc26\ud835\udc1b\ud835\udc2b\ud835\udc22\ud835\udc1e \ud835\udfd0\ud835\udfce\ud835\udfd0\ud835\udfd0, o alt\u0103 zi de poveste oferit\u0103 \u00een dar unui grup de copii cu v\u00e2rste \u00eentre 11 \u0219i 12 ani (clasele a V-VI a), dintr-o comun\u0103 din jude\u021bul Giurgiu. \u00censo\u021bi\u021bi \u0219i \u00eendruma\u021bi de voluntari cu suflet mare, vor veni pentru prima dat\u0103 \u00een Capital\u0103 \u0219i vor vizita, tot prima dat\u0103, Muzeul &#8220;Grigore Antipa&#8221;. <\/p>\n\n\n\n<p>Un parteneriat str\u00e2ns, cu oameni frumo\u0219i, determina\u021bi s\u0103 fac\u0103 mult bine, ne-a sus\u021binut cu implicare maxim\u0103 \u00een organizarea acestei sesiuni, a doua din &#8220;\ud835\udc43\ud835\udc5f\ud835\udc5c\ud835\udc54\ud835\udc5f\ud835\udc4e\ud835\udc5a\ud835\udc62\ud835\udc59 \ud835\udc51\ud835\udc52 \ud835\udc52\ud835\udc51\ud835\udc62\ud835\udc50\ud835\udc4e\ud835\udc61\u0326\ud835\udc56\ud835\udc52, \ud835\udc56\ud835\udc54\ud835\udc56\ud835\udc52\ud835\udc5b\ud835\udc4e\u0306 \ud835\udc60\u0326\ud835\udc56 \ud835\udc56\u0302\ud835\udc5b\ud835\udc51\ud835\udc5f\ud835\udc62\ud835\udc5a\ud835\udc4e\ud835\udc5f\ud835\udc52 \ud835\udc5d\ud835\udc52\ud835\udc5b\ud835\udc61\ud835\udc5f\ud835\udc62 \ud835\udc50\ud835\udc5c\ud835\udc5d\ud835\udc56\ud835\udc56&#8221; derulat de <a href=\"https:\/\/www.facebook.com\/AsociatiaOameniValoriFapte\/?__cft__[0]=AZUEZ_h-UB5K6iCOQhgXlBMtgJ1Qj5tW0Q80kF4zvNh3SUGVvyUG50bBRJ-7gh0sNn0rMEbquwyz8X1N784EMInZm4rx6RebSCZ27ZmJVMu_k355emsHadRUxq-JzSlS08f0pqzj0JqXk0KJVLAo_lAWA7iCNh9oTmyVdJCvOkA59wLRRu-pKnfjgeOXz2Edjdg&amp;__tn__=kK-R\">Oameni, Valori, Fapte<\/a>. <\/p>\n\n\n\n<p>Mul\u021bumim tuturor prietenilor \u0219i partenerilor din acest minunat proiect!!! <\/p>\n\n\n\n<p><a href=\"https:\/\/www.facebook.com\/Oracle\/?__cft__[0]=AZUEZ_h-UB5K6iCOQhgXlBMtgJ1Qj5tW0Q80kF4zvNh3SUGVvyUG50bBRJ-7gh0sNn0rMEbquwyz8X1N784EMInZm4rx6RebSCZ27ZmJVMu_k355emsHadRUxq-JzSlS08f0pqzj0JqXk0KJVLAo_lAWA7iCNh9oTmyVdJCvOkA59wLRRu-pKnfjgeOXz2Edjdg&amp;__tn__=kK-R\">Oracle<\/a> Romania<\/p>\n\n\n\n<p><a href=\"https:\/\/www.facebook.com\/profile.php?id=100083148851439&amp;__cft__[0]=AZUEZ_h-UB5K6iCOQhgXlBMtgJ1Qj5tW0Q80kF4zvNh3SUGVvyUG50bBRJ-7gh0sNn0rMEbquwyz8X1N784EMInZm4rx6RebSCZ27ZmJVMu_k355emsHadRUxq-JzSlS08f0pqzj0JqXk0KJVLAo_lAWA7iCNh9oTmyVdJCvOkA59wLRRu-pKnfjgeOXz2Edjdg&amp;__tn__=-]K-R\">Centrul Comunitar Zi de BINE<\/a><\/p>\n\n\n\n<p>(<a href=\"https:\/\/www.facebook.com\/profile.php?id=100083148851439&amp;__cft__[0]=AZUEZ_h-UB5K6iCOQhgXlBMtgJ1Qj5tW0Q80kF4zvNh3SUGVvyUG50bBRJ-7gh0sNn0rMEbquwyz8X1N784EMInZm4rx6RebSCZ27ZmJVMu_k355emsHadRUxq-JzSlS08f0pqzj0JqXk0KJVLAo_lAWA7iCNh9oTmyVdJCvOkA59wLRRu-pKnfjgeOXz2Edjdg&amp;__tn__=-UK-R\">https:\/\/www.facebook.com\/profile.php?id=100083148851439<\/a>)<\/p>\n\n\n\n<p><a href=\"https:\/\/www.facebook.com\/profile.php?id=100069167201082&amp;__cft__[0]=AZUEZ_h-UB5K6iCOQhgXlBMtgJ1Qj5tW0Q80kF4zvNh3SUGVvyUG50bBRJ-7gh0sNn0rMEbquwyz8X1N784EMInZm4rx6RebSCZ27ZmJVMu_k355emsHadRUxq-JzSlS08f0pqzj0JqXk0KJVLAo_lAWA7iCNh9oTmyVdJCvOkA59wLRRu-pKnfjgeOXz2Edjdg&amp;__tn__=-]K-R\">Directia generala a politiei romane<\/a> Bucure\u015fti<\/p>\n\n\n\n<p><a href=\"https:\/\/www.facebook.com\/muzeulantipa?__cft__[0]=AZUEZ_h-UB5K6iCOQhgXlBMtgJ1Qj5tW0Q80kF4zvNh3SUGVvyUG50bBRJ-7gh0sNn0rMEbquwyz8X1N784EMInZm4rx6RebSCZ27ZmJVMu_k355emsHadRUxq-JzSlS08f0pqzj0JqXk0KJVLAo_lAWA7iCNh9oTmyVdJCvOkA59wLRRu-pKnfjgeOXz2Edjdg&amp;__tn__=-]K-R\">Muzeul Na\u0163ional de Istorie Natural\u0103 &#8220;Grigore Antipa&#8221;<\/a><\/p>\n\n\n\n<p><a href=\"https:\/\/www.facebook.com\/profile.php?id=100064021627992&amp;__cft__[0]=AZUEZ_h-UB5K6iCOQhgXlBMtgJ1Qj5tW0Q80kF4zvNh3SUGVvyUG50bBRJ-7gh0sNn0rMEbquwyz8X1N784EMInZm4rx6RebSCZ27ZmJVMu_k355emsHadRUxq-JzSlS08f0pqzj0JqXk0KJVLAo_lAWA7iCNh9oTmyVdJCvOkA59wLRRu-pKnfjgeOXz2Edjdg&amp;__tn__=-]K-R\">Becker Brau<\/a><\/p>\n\n\n\n<p><a href=\"https:\/\/www.facebook.com\/profile.php?id=100067417190660&amp;__cft__[0]=AZUEZ_h-UB5K6iCOQhgXlBMtgJ1Qj5tW0Q80kF4zvNh3SUGVvyUG50bBRJ-7gh0sNn0rMEbquwyz8X1N784EMInZm4rx6RebSCZ27ZmJVMu_k355emsHadRUxq-JzSlS08f0pqzj0JqXk0KJVLAo_lAWA7iCNh9oTmyVdJCvOkA59wLRRu-pKnfjgeOXz2Edjdg&amp;__tn__=-]K-R\">Primaria Comunei Letca<\/a><\/p>\n\n\n\n<figure class=\"wp-block-gallery has-nested-images columns-default is-cropped wp-block-gallery-1 is-layout-flex wp-block-gallery-is-layout-flex\">\n<figure class=\"wp-block-image size-large\"><img fetchpriority=\"high\" decoding=\"async\" width=\"1024\" height=\"684\" data-id=\"215\" src=\"http:\/\/oamenivalorifapte.ro\/wp-content\/uploads\/2022\/12\/309404332_647023640162779_1776029372362648704_n-1024x684.jpg\" alt=\"\" class=\"wp-image-215\" srcset=\"https:\/\/oamenivalorifapte.ro\/wp-content\/uploads\/2022\/12\/309404332_647023640162779_1776029372362648704_n-1024x684.jpg 1024w, https:\/\/oamenivalorifapte.ro\/wp-content\/uploads\/2022\/12\/309404332_647023640162779_1776029372362648704_n-300x200.jpg 300w, https:\/\/oamenivalorifapte.ro\/wp-content\/uploads\/2022\/12\/309404332_647023640162779_1776029372362648704_n-768x513.jpg 768w, https:\/\/oamenivalorifapte.ro\/wp-content\/uploads\/2022\/12\/309404332_647023640162779_1776029372362648704_n-1536x1025.jpg 1536w, https:\/\/oamenivalorifapte.ro\/wp-content\/uploads\/2022\/12\/309404332_647023640162779_1776029372362648704_n.jpg 2048w\" sizes=\"(max-width: 1024px) 100vw, 1024px\" \/><\/figure>\n\n\n\n<figure class=\"wp-block-image size-large\"><img decoding=\"async\" width=\"480\" height=\"640\" data-id=\"213\" src=\"http:\/\/oamenivalorifapte.ro\/wp-content\/uploads\/2022\/12\/311990163_647023366829473_1369246437279004614_n.jpg\" alt=\"\" class=\"wp-image-213\" srcset=\"https:\/\/oamenivalorifapte.ro\/wp-content\/uploads\/2022\/12\/311990163_647023366829473_1369246437279004614_n.jpg 480w, https:\/\/oamenivalorifapte.ro\/wp-content\/uploads\/2022\/12\/311990163_647023366829473_1369246437279004614_n-225x300.jpg 225w\" sizes=\"(max-width: 480px) 100vw, 480px\" \/><\/figure>\n\n\n\n<figure class=\"wp-block-image size-large\"><img decoding=\"async\" width=\"1024\" height=\"684\" data-id=\"214\" src=\"http:\/\/oamenivalorifapte.ro\/wp-content\/uploads\/2022\/12\/312005225_647023673496109_5350326722933905792_n-1024x684.jpg\" alt=\"\" class=\"wp-image-214\" srcset=\"https:\/\/oamenivalorifapte.ro\/wp-content\/uploads\/2022\/12\/312005225_647023673496109_5350326722933905792_n-1024x684.jpg 1024w, https:\/\/oamenivalorifapte.ro\/wp-content\/uploads\/2022\/12\/312005225_647023673496109_5350326722933905792_n-300x200.jpg 300w, https:\/\/oamenivalorifapte.ro\/wp-content\/uploads\/2022\/12\/312005225_647023673496109_5350326722933905792_n-768x513.jpg 768w, https:\/\/oamenivalorifapte.ro\/wp-content\/uploads\/2022\/12\/312005225_647023673496109_5350326722933905792_n-1536x1025.jpg 1536w, https:\/\/oamenivalorifapte.ro\/wp-content\/uploads\/2022\/12\/312005225_647023673496109_5350326722933905792_n.jpg 2048w\" sizes=\"(max-width: 1024px) 100vw, 1024px\" \/><\/figure>\n<\/figure>\n\n\n","protected":false},"excerpt":{"rendered":"<p>\ud835\udfcf\ud835\udfd3 \ud835\udc28\ud835\udc1c\ud835\udc2d\ud835\udc28\ud835\udc26\ud835\udc1b\ud835\udc2b\ud835\udc22\ud835\udc1e \ud835\udfd0\ud835\udfce\ud835\udfd0\ud835\udfd0, o alt\u0103 zi de poveste oferit\u0103 \u00een dar unui [&hellip;]<\/p>\n","protected":false},"author":1,"featured_media":0,"parent":0,"menu_order":0,"comment_status":"closed","ping_status":"closed","template":"","meta":{"_seopress_robots_primary_cat":"","_seopress_titles_title":"","_seopress_titles_desc":"","_seopress_robots_index":"","footnotes":""},"class_list":["post-207","page","type-page","status-publish","hentry"],"_links":{"self":[{"href":"https:\/\/oamenivalorifapte.ro\/index.php\/wp-json\/wp\/v2\/pages\/207"}],"collection":[{"href":"https:\/\/oamenivalorifapte.ro\/index.php\/wp-json\/wp\/v2\/pages"}],"about":[{"href":"https:\/\/oamenivalorifapte.ro\/index.php\/wp-json\/wp\/v2\/types\/page"}],"author":[{"embeddable":true,"href":"https:\/\/oamenivalorifapte.ro\/index.php\/wp-json\/wp\/v2\/users\/1"}],"replies":[{"embeddable":true,"href":"https:\/\/oamenivalorifapte.ro\/index.php\/wp-json\/wp\/v2\/comments?post=207"}],"version-history":[{"count":3,"href":"https:\/\/oamenivalorifapte.ro\/index.php\/wp-json\/wp\/v2\/pages\/207\/revisions"}],"predecessor-version":[{"id":945,"href":"https:\/\/oamenivalorifapte.ro\/index.php\/wp-json\/wp\/v2\/pages\/207\/revisions\/945"}],"wp:attachment":[{"href":"https:\/\/oamenivalorifapte.ro\/index.php\/wp-json\/wp\/v2\/media?parent=207"}],"curies":[{"name":"wp","href":"https:\/\/api.w.org\/{rel}","templated":true}]}}