{"id":283,"date":"2022-12-08T07:19:11","date_gmt":"2022-12-08T07:19:11","guid":{"rendered":"http:\/\/oamenivalorifapte.ro\/?page_id=283"},"modified":"2022-12-08T07:19:12","modified_gmt":"2022-12-08T07:19:12","slug":"termeni-si-conditii","status":"publish","type":"page","link":"https:\/\/oamenivalorifapte.ro\/index.php\/termeni-si-conditii\/","title":{"rendered":"Termeni si conditii"},"content":{"rendered":"\n<p><strong>Preambul<\/strong><\/p>\n\n\n\n<p>Colect\u0103m \u0219i folosim date personale referitoare la persoane fizice ca parte a activit\u0103\u021bilor noastre. Facem asta tocmai ca parte a modului \u00een care desf\u0103\u0219ur\u0103m activit\u0103\u021bile prin care sus\u0163inem copiii cu afec\u021biuni grave \u0219i familiile acestora. De asemenea, colect\u0103m date personale minime despre persoanele care se \u00eenscriu la evenimentele sau sondajele noastre sau pentru a primi briefingurile\/newsletterele noastre sau care lucreaz\u0103 pentru noi sau cu noi. Aceast\u0103 politic\u0103 de confiden\u021bialitate stabile\u0219te modul \u00een care Asocia\u0163ia Oameni, Valori, Fapte colecteaz\u0103 \u0219i utilizeaz\u0103 datele personale.<\/p>\n\n\n\n<p>Confiden\u021bialitatea dvs. este unul dintre angajamentele noastre fundamentale la Asocia\u0163ia Oameni, Valori, Fapte . Prin urmare, ne str\u0103duim s\u0103 proces\u0103m datele personale \u00een conformitate cu principiile stabilite \u00een legisla\u021bia privind protec\u021bia datelor aplicabil\u0103 \u00een Rom\u00e2nia, inclusiv Regulamentul (UE) nr. 2016\/679 privind protec\u021bia persoanelor fizice \u00een ceea ce prive\u0219te prelucrarea datelor cu caracter personal \u0219i libera circula\u021bie a acestor date \u0219i de abrogare a Directivei 95\/46 \/ CE (\u201cGDPR\u201d).<\/p>\n\n\n\n<p><strong>Cum sunt definite datele personale?<\/strong><\/p>\n\n\n\n<p>Datele personale reprezint\u0103 orice informa\u021bie referitoare la o persoan\u0103 fizic\u0103 identificat\u0103 sau identificabil\u0103, iar o persoan\u0103 identificabil\u0103 este acea persoan\u0103 care poate fi identificat\u0103 direct sau indirect, \u00een special prin referire la un num\u0103r de identificare sau la unul sau mai mul\u021bi factori specifici fizic, psihologic, mental , de identitate economic\u0103, cultural\u0103 sau social\u0103.<\/p>\n\n\n\n<p><strong>Domeniul de aplicare<\/strong><\/p>\n\n\n\n<p>Aceast\u0103 politic\u0103 de confiden\u021bialitate prive\u0219te datele personale ale beneficiarilor proiectelor noastre, parteneri, donatori, alte persoane care contacteaz\u0103 \u0219i viziteaz\u0103 www.oamenivalorifapte.ro \u0219i reprezentan\u021bii acestora, poten\u021biali angaja\u021bi, voluntari, interni sau asocia\u021bi \u0219i se aplic\u0103 datelor colectate prin site-ul nostru, precum celorlalte date personale pe care\u00a0\u00a0Asocia\u0163ia Oameni, Valori, Fapte  le colecteaz\u0103 prin email sau evenimente offline.<\/p>\n\n\n\n<p><strong>Politica de confiden\u021bialitate descrie:<\/strong><\/p>\n\n\n\n<ul class=\"wp-block-list\">\n<li>scopurile pentru care\u00a0\u00a0Asocia\u0163ia Oameni, Valori, Fapte  colecteaz\u0103 \u0219i utilizeaz\u0103 datele dvs. personale;<\/li>\n\n\n\n<li>temeiurile pentru prelucrarea datelor<\/li>\n\n\n\n<li>categoriile de date cu caracter personal pe care\u00a0\u00a0Asocia\u0163ia Oameni, Valori, Fapte  le colecteaz\u0103 \u0219i proceseaz\u0103;<\/li>\n\n\n\n<li>durata proces\u0103rii acestor date;<\/li>\n\n\n\n<li>drepturile dumneavoastr\u0103 \u00een calitate de persoane vizate \u0219i modul \u00een care le pute\u021bi exercita;<\/li>\n\n\n\n<li>c\u0103tre cine poate dezv\u0103lui Asocia\u0163ia Oameni, Valori, Fapte  datele personale.<\/li>\n<\/ul>\n\n\n\n<p><strong>SCOPURI, TEMEIURI PENTRU PRELUCRARE \u0218I CATEGORII DE DATE PERSONALE<\/strong><\/p>\n\n\n\n<p>\u00cen contextul interac\u021biunii cu\u00a0\u00a0Asocia\u0163ia Oameni, Valori, Fapte , tu, ca persoan\u0103 fizic\u0103, po\u021bi fi supus activit\u0103\u021bilor de prelucrare a datelor pe care le desf\u0103\u0219oar\u0103\u00a0\u00a0Asocia\u0163ia Oameni, Valori, Fapte . Astfel,\u00a0\u00a0Asocia\u0163ia Oameni, Valori, Fapte  utilizeaz\u0103 datele dvs. personale \u00een urm\u0103toarele cazuri:<\/p>\n\n\n\n<p><strong>1. Dac\u0103 sunte\u021bi un donator\u00a0Oameni, Valori, Fapte:<\/strong><\/p>\n\n\n\n<p><strong>1.1. Furnizarea de informa\u021bii despre Asocia\u0163ia Oameni, Valori, Fapte <\/strong><\/p>\n\n\n\n<p>Asocia\u0163ia Oameni, Valori, Fapte  utilizeaz\u0103 datele dvs. personale relevante pentru a furniza informa\u021bii despre activitatea noastra, rapoartele anuale sau transparen\u021ba financiar\u0103.<\/p>\n\n\n\n<p><strong>1.2. Comunicare<\/strong><\/p>\n\n\n\n<p>Asocia\u0163ia Oameni, Valori, Fapte  utilizeaz\u0103 datele dvs. de contact pentru a comunica cu dvs. \u00een leg\u0103tur\u0103 cu activitatea Asocia\u0163ia Oameni, Valori, Fapte  proiecte, evenimente \u0219i orice alte probleme relevante.\u00a0\u00a0Asocia\u0163ia Oameni, Valori, Fapte  se bazeaz\u0103 \u00een acest caz pe acceptarea statutului Asocia\u0163ia Oameni, Valori, Fapte  ca temei pentru prelucrare.<\/p>\n\n\n\n<p><strong>1.3 Trimiterea de newslettere<\/strong><\/p>\n\n\n\n<p>Asocia\u0163ia Oameni, Valori, Fapte  poate utiliza, de asemenea, datele dvs. de contact pentru a v\u0103 furniza \u00een form\u0103 electronic\u0103 newslettere despre activit\u0103\u021bile, proiectele, \u00eent\u00e2lnirile, comunicatele de pres\u0103, documentele de pozi\u021bie, evenimentele, invita\u021biile \u0219i orice alte informa\u021bii relevante ale Asocia\u0163ia Oameni, Valori, Fapte , dar numai dac\u0103 v-a\u021bi abonat sau v-a\u021bi dat consim\u021b\u0103m\u00e2ntul expres pentru o astfel de prelucrare. Pute\u021bi oric\u00e2nd s\u0103 v\u0103 retrage\u021bi consim\u021b\u0103m\u00e2ntul, exprim\u00e2ndu-v\u0103 op\u021biunea de a nu primi newslettere \u00een viitor f\u0103c\u00e2nd clic pe linkul \u201c<em>dezabonare<\/em>\u201d (g\u0103sit \u00een subsolul paginii) atunci c\u00e2nd primi\u021bi e-mailul respectiv sau scriindu-ne la\u00a0office@oamenivalorifapte.ro .<\/p>\n\n\n\n<p>Categoriile de date prelucrate \u00een contextul rela\u021biei noastre cu dvs. sunt numele dvs., adresa de e-mail, telefonul, adresa, suma donat\u0103, precum \u0219i alte date personale pe care ni le pute\u021bi furniza direct.<\/p>\n\n\n\n<p><strong>2. Dac\u0103 sunte\u021bi beneficiar al unuia dintre proiectele noastre sau sunte\u021bi abonat la newsletter<\/strong><\/p>\n\n\n\n<p><strong>2.1. Furnizarea de informa\u021bii despre activitatea Oameni, Valori, Fapte<\/strong><\/p>\n\n\n\n<p>Asocia\u0163ia Oameni, Valori, Fapte  utilizeaz\u0103 datele personale relevante pentru a furniza informa\u021bii despre rapoartele de activitate, proiectele anterioare, \u00een curs sau viitoare, evenimente, \u00eent\u00e2lniri, documente de pozi\u021bie, comunicate de pres\u0103, calls to action, sondaje sau orice alte informa\u021bii relevante pentru mediul ONG \u0219i orice alte informa\u021bii specifice ce \u021bin de activitatea noastr\u0103.<\/p>\n\n\n\n<p><strong>2.2. Comunicare<\/strong><\/p>\n\n\n\n<p>Asocia\u0163ia Oameni, Valori, Fapte  utilizeaz\u0103 datele dvs. de contact pentru a comunica cu dvs. \u00een leg\u0103tur\u0103 cu evenimentele Asocia\u0163ia Oameni, Valori, Fapte , \u00eent\u00e2lniri cu autorit\u0103\u021bile, documente de pozi\u021bie, rapoarte de activitate, proiecte anterioare, \u00een curs sau viitoare, apeluri la ac\u021biune, anchete, legisla\u021bie important\u0103 \u0219i orice alte informa\u021bii relevante . De asemenea, ne baz\u0103m, \u00een acest caz, pe interesul legitim de a furniza serviciile noastre \u00een func\u021bie de domeniul nostru de activitate.<\/p>\n\n\n\n<p><strong>2.3 Trimiterea de newslettere<\/strong><\/p>\n\n\n\n<p>Asocia\u0163ia Oameni, Valori, Fapte  poate utiliza, de asemenea, datele dvs. de contact pentru a v\u0103 furniza \u00een form\u0103 electronic\u0103 newsletter despre activitatea Asocia\u0163ia Oameni, Valori, Fapte , proiecte, comunicatele de pres\u0103 ale Asocia\u0163ia Oameni, Valori, Fapte , documentele de pozi\u021bie, invita\u021bii la evenimente \u0219i orice alte informa\u021bii relevante, dar numai dac\u0103 v-a\u021bi abonat sau ne-a\u021bi dat consim\u021b\u0103m\u00e2ntul pentru o astfel de prelucrare. Pute\u021bi oric\u00e2nd s\u0103 v\u0103 retrage\u021bi consim\u021b\u0103m\u00e2ntul, exprim\u00e2ndu-v\u0103 op\u021biunea de a nu primi newsletter \u00een viitor f\u0103c\u00e2nd click pe \u201cDezabona\u021bi\u201d atunci c\u00e2nd primi\u021bi e-mailul sau s\u0103 ne scrie\u021bi la\u00a0office@oamenivalorifapte.ro .<\/p>\n\n\n\n<p>\u00cen toate cazurile, datele sunt furnizate fie direct de dvs., fie de c\u0103tre un partener. Categoriile de date prelucrate \u00een acest context sunt \u00een general numele, ocupa\u021bia, e-mailul, telefonul, datele de identificare.<\/p>\n\n\n\n<p><strong>3. Dac\u0103 sunte\u021bi partener, colaborator (inclusiv voluntari) sau un furnizor de servicii al \/ pentru\u00a0\u00a0<\/strong>Asocia\u0163ia Oameni, Valori, Fapte <\/p>\n\n\n\n<p><strong>3.1. Men\u021binerea rela\u021biei noastre contractuale<\/strong><\/p>\n\n\n\n<p>Asocia\u0163ia Oameni, Valori, Fapte  utilizeaz\u0103 datele dvs. personale relevante pentru a ne men\u021bine rela\u021bia contractual\u0103 care vine \u00een sprijinul activit\u0103\u0163ii noastre.\u00a0\u00a0Asocia\u0163ia Oameni, Valori, Fapte  se bazeaz\u0103, \u00een acest caz, pe \u00eendeplinirea acordului nostru ca temei pentru prelucrare.<\/p>\n\n\n\n<p><strong>3.2. Comunicare<\/strong><\/p>\n\n\n\n<p>Asocia\u0163ia Oameni, Valori, Fapte  utilizeaz\u0103 datele dvs. de contact pentru a comunica cu dvs. \u00een leg\u0103tur\u0103 cu orice problem\u0103 relevant\u0103 pentru activitatea noastr\u0103\u00a0de sus\u0163inere a\u00a0copiilor cu afec\u021biuni grave \u0219i a familiilor acestora.\u00a0<\/p>\n\n\n\n<p>Asocia\u0163ia Oameni, Valori, Fapte  se bazeaz\u0103, de asemenea, \u00een acest caz, pe \u00eendeplinirea acordului nostru ca temei de prelucrare. Categoriile de date prelucrate \u00een contextul rela\u021biei noastre cu dvs. sunt numele, adresa de e-mail, telefonul, faxul, precum \u0219i alte date personale pe care ni le pute\u021bi furniza direct.<\/p>\n\n\n\n<p><strong>4. Dac\u0103 sunte\u021bi reprezentant, persoan\u0103 de contact, angajat sau alt colaborator al unui partener\u00a0al\u00a0<\/strong>Asocia\u0163ia Oameni, Valori, Fapte <\/p>\n\n\n\n<p><strong>4.1. Men\u021binerea rela\u021biei noastre contractuale cu partenerii<\/strong><\/p>\n\n\n\n<p>Folosim datele personale relevante pentru a ne mentine rela\u0163ia contractual\u0103 cu partenerii no\u015ftri. \u00cen acest caz, ne baz\u0103m pe&nbsp;interesul legitim de a asigura c\u0103 rela\u021bia contractual\u0103 este gestionat\u0103 \u00een mod corespunz\u0103tor.<\/p>\n\n\n\n<p><strong>4.2. Comunicare<\/strong><\/p>\n\n\n\n<p>Folosim datele dvs. de contact pentru a comunica cu dvs. \u00een leg\u0103tur\u0103 cu orice problem\u0103 relevant\u0103 pentru activitatea noastr\u0103&nbsp;de sus\u0163inere a&nbsp;copiilor cu afec\u021biuni grave \u0219i a familiilor acestora.<\/p>\n\n\n\n<p>De asemenea, \u00een acest caz, ne baz\u0103m pe interesul legitim de a asigura c\u0103 rela\u021bia contractual\u0103 se desf\u0103\u0219oar\u0103 \u00een mod adecvat. \u00cen toate cazurile, datele sunt furnizate fie direct de dvs., fie de partener. Categoriile de date prelucrate \u00een acest context sunt \u00een general numele, pozi\u021bia, adresa de e-mail, telefonul, faxul, adresa, datele de identificare, precum \u0219i alte date cu caracter personal furnizate Asocia\u0163ia Oameni, Valori, Fapte , de obicei de c\u0103tre dvs.<\/p>\n\n\n\n<p><strong>5. Dac\u0103 sunte\u021bi vizitator al sediului nostru:<\/strong><\/p>\n\n\n\n<p>Folosim datele dvs. personale pentru a asigura securitatea spa\u021biilor, a bunurilor \u0219i a personalului nostru. \u00cen acest caz, procesarea datelor noastre se bazeaz\u0103 pe interesul legitim al Asocia\u0163ia Oameni, Valori, Fapte , \u0219i anume protejarea acestor spa\u021bii, active \u0219i personal. Categoriile de date prelucrate \u00een acest context sunt numele dvs., precum \u0219i alte date personale pe care ni le pute\u021bi furniza direct.<\/p>\n\n\n\n<p><strong>6. Dac\u0103 sunte\u021bi utilizator al site-ului nostru de internet:<\/strong><\/p>\n\n\n\n<p>Folosim datele personale pe care le colect\u0103m de la dvs. c\u00e2nd vizita\u021bi site-ul nostru de internet, www.oamenivalorifapte.ro, pentru a monitoriza traficul \u0219i a \u00eembun\u0103t\u0103\u021bi con\u021binutul site-ului. Ne baz\u0103m aceast\u0103 activitate de prelucrare a datelor asupra interesului nostru legitim de a asigura func\u021bionarea corect\u0103 a site-ului nostru de internet, precum \u0219i \u00eembun\u0103t\u0103\u021birea acestuia.<\/p>\n\n\n\n<p>Categoriile de date prelucrate \u00een acest context sunt ora \u0219i data acces\u0103rii site-ului Internet \u0219i adresa IP din care a fost accesat site-ul nostru de internet. Pentru toate categoriile de persoane vizate de mai sus,\u00a0\u00a0Asocia\u0163ia Oameni, Valori, Fapte  poate prelucra, de asemenea, datele dvs. \u00een contextul modific\u0103rilor structurale sau al tranzac\u021biilor similare care implic\u0103 Asocia\u0163ia Oameni, Valori, Fapte . \u00cen acest caz, motivele pentru prelucrare pot fi reprezentate de obliga\u021bia legal\u0103 (\u00een cazul \u00een care\u00a0\u00a0Asocia\u0163ia Oameni, Valori, Fapte  este obligat\u0103 din punct de vedere legal s\u0103 divulge anumite date cu caracter personal autorit\u0103\u021bilor publice), executarea unei \u00een\u021belegeri \u00eencheiate de Asocia\u0163ia Oameni, Valori, Fapte  \u00een contextul unei astfel de tranzac\u021bii sunte\u021bi parte la o astfel de \u00een\u021belegere) sau interesul legitim al Asocia\u0163ia Oameni, Valori, Fapte  de a efectua tranzac\u021bia \u00een cel mai eficient mod (\u00een restul cazurilor).<\/p>\n\n\n\n<p><strong>FURNIZAREA DATELOR PERSONALE<\/strong><\/p>\n\n\n\n<p>Atunci c\u00e2nd datele sunt solicitate direct de la dvs.,\u00a0\u00a0Asocia\u0163ia Oameni, Valori, Fapte  v\u0103 solicit\u0103 s\u0103 furniza\u021bi toate categoriile de date cu caracter personal pe care le solicit\u0103m \u00een scopurile men\u021bionate mai sus, deoarece altfel nu vom putea s\u0103 ne desf\u0103\u0219ur\u0103m activitatea (inclusiv, printre altele, s\u0103 v\u0103 oferim informa\u021bii privind activitatea Asocia\u0163ia Oameni, Valori, Fapte ).<\/p>\n\n\n\n<p>Dac\u0103 oferi\u021bi\u00a0\u00a0Asocia\u0163iei Oameni, Valori, Fapte  datele personale ale altor persoane fizice, v\u0103 rug\u0103m s\u0103 le comunica\u021bi \u00eenainte de dezv\u0103luire modalitatea \u00een care\u00a0\u00a0Asocia\u0163ia Oameni, Valori, Fapte  inten\u021bioneaz\u0103 s\u0103 proceseze datele lor personale, a\u0219a cum este descris \u00een aceast\u0103 Politic\u0103 de confiden\u021bialitate.<\/p>\n\n\n\n<p><strong>DIVULGAREA DATELOR PERSONALE<\/strong><\/p>\n\n\n\n<p>De\u0219i, de regul\u0103, nu vom divulga datele dvs. personale unor ter\u021be p\u0103r\u021bi, putem s\u0103 dezv\u0103luim date personale relevante instan\u021belor judec\u0103tore\u0219ti, autorit\u0103\u021bilor relevante \u0219i afilia\u021bilor, \u00een contextul activit\u0103\u021bilor Asocia\u0163ia Oameni, Valori, Fapte <\/p>\n\n\n\n<p><strong>DURATA PRELUCR\u0102RII<\/strong><\/p>\n\n\n\n<p>Datele dvs. vor fi p\u0103strate at\u00e2ta timp c\u00e2t este necesar pentru a atinge scopul preconizat al colect\u0103rii datelor. Dac\u0103 ave\u021bi nevoie de mai multe informa\u021bii despre datele personale pe care le colect\u0103m, v\u0103 rug\u0103m s\u0103 ne contacta\u021bi prin e-mail, la adresa\u00a0office@oaemnivalorifapte.ro.<\/p>\n\n\n\n<p><strong>DREPTURILE DVS.<\/strong><\/p>\n\n\n\n<p>\u00cen calitate de persoane vizate, GDPR v\u0103 ofer\u0103 o serie de drepturi, inclusiv:<\/p>\n\n\n\n<ul class=\"wp-block-list\">\n<li>dreptul de acces \u2013 v\u0103 permite s\u0103 ob\u021bine\u021bi confirmarea c\u0103 datele dvs. personale sunt prelucrate de noi \u0219i, dac\u0103 da, detaliile relevante ale acestor activit\u0103\u021bi de prelucrare;<\/li>\n\n\n\n<li>dreptul la rectificare \u2013 permi\u021b\u00e2ndu-v\u0103 s\u0103 rectifica\u021bi datele dvs. personale, dac\u0103 sunt incorecte;<\/li>\n\n\n\n<li>dreptul la \u0219tergerea datelor \u2013 permi\u021b\u00e2ndu-v\u0103 s\u0103 ob\u021bine\u021bi \u0219tergerea datelor dvs. personale \u00een anumite cazuri (de exemplu, dac\u0103 datele nu mai sunt necesare \u00een raport cu scopurile pentru care au fost colectate);<\/li>\n\n\n\n<li>dreptul la restric\u021bii \u2013 permi\u021b\u00e2ndu-v\u0103 s\u0103 ob\u021bine\u021bi restric\u021bia de prelucrare a datelor dvs. personale \u00een anumite cazuri (de exemplu, atunci c\u00e2nd contesta\u021bi exactitatea datelor dvs. personale, pentru o perioad\u0103 care ne permite s\u0103 verific\u0103m o astfel de exactitate);<\/li>\n\n\n\n<li>dreptul de a formula obiec\u021bii \u2013 permi\u021b\u00e2ndu-v\u0103 s\u0103 v\u0103 opune\u021bi prelucr\u0103rii \u00een continuare a datelor dvs. personale \u00een condi\u021biile \u0219i limitele stabilite de lege;<\/li>\n\n\n\n<li>dreptul la portabilitatea datelor \u2013 permi\u021b\u00e2ndu-v\u0103 s\u0103 primi\u021bi datele personale referitoare la dvs. pe care ni le-a\u021bi furnizat, \u00eentr-un format structurat, frecvent utilizat \u0219i care poate fi citit dsau s\u0103 transmite\u021bi aceste date unui controlor de date.<\/li>\n<\/ul>\n\n\n\n<p>Suntem bucuro\u0219i s\u0103 v\u0103 asigur\u0103m exercitarea acestor drepturi.<\/p>\n\n\n\n<p>Pute\u021bi s\u0103 v\u0103 exerci\u021bi drepturile men\u021bionate mai sus \u0219i s\u0103 afla\u021bi mai multe despre aceste drepturi, depun\u00e2nd la noi, \u00een calitate de controlor de date, o solicitare scris\u0103 la\u00a0\u00a0Asocia\u0163ia Oameni, Valori, Fapte ,  prin trimiterea unui e-mail c\u0103tre noi la\u00a0office@oamenivalorifapte.ro.\u00a0De asemenea, ave\u021bi dreptul de a depune o pl\u00e2ngere la autoritatea de protec\u021bie a datelor. Ne angaj\u0103m s\u0103 trat\u0103m \u00eentotdeauna cererile dvs. cu cea mai mare aten\u021bie \u0219i s\u0103 adres\u0103m \u00eentreb\u0103rile pe care le ave\u021bi \u00een cel mai scurt timp posibil.<\/p>\n\n\n\n<p><strong>VERSIUNI LA ACEAST\u0102 POLITIC\u0102 DE CONFIDEN\u021aIALITATE<\/strong><\/p>\n\n\n\n<p>Aceast\u0103 politic\u0103 de confiden\u021bialitate este \u00een vigoare de la 24 mai 2018. Aceast\u0103 politic\u0103 de confiden\u021bialitate poate fi actualizat\u0103 din c\u00e2nd \u00een c\u00e2nd. Orice actualizare va deveni aplicabil\u0103 \u00een termen de 3 zile de la publicarea noii versiuni pe site-ul\u00a0\u00a0Asocia\u0163ia Oameni, Valori, Fapte .<\/p>\n","protected":false},"excerpt":{"rendered":"<p>Preambul Colect\u0103m \u0219i folosim date personale referitoare la persoane fizice ca parte [&hellip;]<\/p>\n","protected":false},"author":1,"featured_media":0,"parent":0,"menu_order":0,"comment_status":"closed","ping_status":"closed","template":"","meta":{"_seopress_robots_primary_cat":"","_seopress_titles_title":"","_seopress_titles_desc":"","_seopress_robots_index":"","footnotes":""},"class_list":["post-283","page","type-page","status-publish","hentry"],"_links":{"self":[{"href":"https:\/\/oamenivalorifapte.ro\/index.php\/wp-json\/wp\/v2\/pages\/283"}],"collection":[{"href":"https:\/\/oamenivalorifapte.ro\/index.php\/wp-json\/wp\/v2\/pages"}],"about":[{"href":"https:\/\/oamenivalorifapte.ro\/index.php\/wp-json\/wp\/v2\/types\/page"}],"author":[{"embeddable":true,"href":"https:\/\/oamenivalorifapte.ro\/index.php\/wp-json\/wp\/v2\/users\/1"}],"replies":[{"embeddable":true,"href":"https:\/\/oamenivalorifapte.ro\/index.php\/wp-json\/wp\/v2\/comments?post=283"}],"version-history":[{"count":1,"href":"https:\/\/oamenivalorifapte.ro\/index.php\/wp-json\/wp\/v2\/pages\/283\/revisions"}],"predecessor-version":[{"id":286,"href":"https:\/\/oamenivalorifapte.ro\/index.php\/wp-json\/wp\/v2\/pages\/283\/revisions\/286"}],"wp:attachment":[{"href":"https:\/\/oamenivalorifapte.ro\/index.php\/wp-json\/wp\/v2\/media?parent=283"}],"curies":[{"name":"wp","href":"https:\/\/api.w.org\/{rel}","templated":true}]}}