{"id":321,"date":"2022-12-08T10:21:27","date_gmt":"2022-12-08T10:21:27","guid":{"rendered":"http:\/\/oamenivalorifapte.ro\/?page_id=321"},"modified":"2022-12-08T11:20:40","modified_gmt":"2022-12-08T11:20:40","slug":"misiune-viziune-si-valori","status":"publish","type":"page","link":"https:\/\/oamenivalorifapte.ro\/index.php\/misiune-viziune-si-valori\/","title":{"rendered":"Misiune, viziune, valori"},"content":{"rendered":"\n<p><\/p>\n\n\n\n<p>MISIUNE<br>Cre\u0103m \u0219i dezvolt\u0103m programe sociale pentru seniori \u0219i copii vulnerabili sau izola\u021bi social, din Rom\u00e2nia, cu menirea de a le reda demnitate, a genera bun\u0103stare \u0219i coeziune social\u0103.<br>VIZIUNE<br>Construim \u0219i dezvolt\u0103m comunit\u0103\u021bi \u00een care seniorii \u0219i copiii tr\u0103iesc \u00een armonie \u0219i echilibru, au rela\u021bii trainice de prietenie \u0219i \u00eentrajutorare, se simt respecta\u021bi, iubi\u021bi \u0219i \u00eengriji\u021bi.<br>VALORI<br>\u2022 Demnitate, Unicitate \u0219i Valoarea fiec\u0103rei persoane<br>\u2022 Solidaritate \u0219i Angajament social asumate \u00een acord cu obiectivele propuse<br>\u2022 Empatie, Sprijin \u0219i Participare social\u0103 oferite pentru o b\u0103tr\u00e2ne\u021be s\u0103n\u0103toas\u0103 \u0219i demn\u0103<br>\u2022 Promov\u0103m leg\u0103turile inter-genera\u021bionale cu oportunit\u0103\u021bi \u0219i impact pozitiv \u00een via\u021ba<br>seniorilor \u0219i copiilor din medii defavorizate<br>\u2022 \u00cencuraj\u0103m voluntariatul la v\u00e2rste fragede \u0219i cultiv\u0103m rela\u021biile interumane<br>\u2022 Ad\u0103ug\u0103m plusvaloare experien\u021belor de via\u021b\u0103, iscusin\u021bei \u0219i priceperii seniorilor<br>\u2022 Ne implic\u0103m \u00een promovarea politicilor publice sociale<br>\u2022 Protej\u0103m identitatea persoanelor beneficiare ale programelor Asocia\u021bie<\/p>\n\n\n\n<figure class=\"wp-block-gallery has-nested-images columns-default is-cropped wp-block-gallery-1 is-layout-flex wp-block-gallery-is-layout-flex\">\n<figure class=\"wp-block-image size-large\"><img fetchpriority=\"high\" decoding=\"async\" width=\"518\" height=\"312\" data-id=\"359\" src=\"http:\/\/oamenivalorifapte.ro\/wp-content\/uploads\/2022\/12\/Picture4.jpg\" alt=\"\" class=\"wp-image-359\" srcset=\"https:\/\/oamenivalorifapte.ro\/wp-content\/uploads\/2022\/12\/Picture4.jpg 518w, https:\/\/oamenivalorifapte.ro\/wp-content\/uploads\/2022\/12\/Picture4-300x181.jpg 300w\" sizes=\"(max-width: 518px) 100vw, 518px\" \/><\/figure>\n\n\n\n<figure class=\"wp-block-image size-large\"><img decoding=\"async\" width=\"333\" height=\"184\" data-id=\"358\" src=\"http:\/\/oamenivalorifapte.ro\/wp-content\/uploads\/2022\/12\/Picture5.jpg\" alt=\"\" class=\"wp-image-358\" srcset=\"https:\/\/oamenivalorifapte.ro\/wp-content\/uploads\/2022\/12\/Picture5.jpg 333w, https:\/\/oamenivalorifapte.ro\/wp-content\/uploads\/2022\/12\/Picture5-300x166.jpg 300w\" sizes=\"(max-width: 333px) 100vw, 333px\" \/><\/figure>\n<\/figure>\n","protected":false},"excerpt":{"rendered":"<p>MISIUNECre\u0103m \u0219i dezvolt\u0103m programe sociale pentru seniori \u0219i copii vulnerabili sau izola\u021bi [&hellip;]<\/p>\n","protected":false},"author":1,"featured_media":0,"parent":0,"menu_order":0,"comment_status":"closed","ping_status":"closed","template":"","meta":{"_seopress_robots_primary_cat":"","_seopress_titles_title":"","_seopress_titles_desc":"","_seopress_robots_index":"","footnotes":""},"class_list":["post-321","page","type-page","status-publish","hentry"],"_links":{"self":[{"href":"https:\/\/oamenivalorifapte.ro\/index.php\/wp-json\/wp\/v2\/pages\/321"}],"collection":[{"href":"https:\/\/oamenivalorifapte.ro\/index.php\/wp-json\/wp\/v2\/pages"}],"about":[{"href":"https:\/\/oamenivalorifapte.ro\/index.php\/wp-json\/wp\/v2\/types\/page"}],"author":[{"embeddable":true,"href":"https:\/\/oamenivalorifapte.ro\/index.php\/wp-json\/wp\/v2\/users\/1"}],"replies":[{"embeddable":true,"href":"https:\/\/oamenivalorifapte.ro\/index.php\/wp-json\/wp\/v2\/comments?post=321"}],"version-history":[{"count":3,"href":"https:\/\/oamenivalorifapte.ro\/index.php\/wp-json\/wp\/v2\/pages\/321\/revisions"}],"predecessor-version":[{"id":360,"href":"https:\/\/oamenivalorifapte.ro\/index.php\/wp-json\/wp\/v2\/pages\/321\/revisions\/360"}],"wp:attachment":[{"href":"https:\/\/oamenivalorifapte.ro\/index.php\/wp-json\/wp\/v2\/media?parent=321"}],"curies":[{"name":"wp","href":"https:\/\/api.w.org\/{rel}","templated":true}]}}