{"id":325,"date":"2022-12-08T10:42:14","date_gmt":"2022-12-08T10:42:14","guid":{"rendered":"http:\/\/oamenivalorifapte.ro\/?page_id=325"},"modified":"2024-11-08T19:57:55","modified_gmt":"2024-11-08T19:57:55","slug":"echipa","status":"publish","type":"page","link":"https:\/\/oamenivalorifapte.ro\/index.php\/echipa\/","title":{"rendered":"Echipa"},"content":{"rendered":"\t\t<div data-elementor-type=\"wp-page\" data-elementor-id=\"325\" class=\"elementor elementor-325\">\n\t\t\t\t\t\t<section class=\"elementor-section elementor-top-section elementor-element elementor-element-1b07cf8c elementor-section-content-top elementor-section-boxed elementor-section-height-default elementor-section-height-default\" data-id=\"1b07cf8c\" data-element_type=\"section\">\n\t\t\t\t\t\t<div class=\"elementor-container elementor-column-gap-default\">\n\t\t\t\t\t<div class=\"elementor-column elementor-col-100 elementor-top-column elementor-element elementor-element-37b2791e\" data-id=\"37b2791e\" data-element_type=\"column\">\n\t\t\t<div class=\"elementor-widget-wrap elementor-element-populated\">\n\t\t\t\t\t\t<div class=\"elementor-element elementor-element-7fdfab63 elementor-widget__width-initial elementor-widget elementor-widget-text-editor\" data-id=\"7fdfab63\" data-element_type=\"widget\" data-widget_type=\"text-editor.default\">\n\t\t\t\t<div class=\"elementor-widget-container\">\n\t\t\t<style>\/*! elementor - v3.21.0 - 25-04-2024 *\/\n.elementor-widget-text-editor.elementor-drop-cap-view-stacked .elementor-drop-cap{background-color:#69727d;color:#fff}.elementor-widget-text-editor.elementor-drop-cap-view-framed .elementor-drop-cap{color:#69727d;border:3px solid;background-color:transparent}.elementor-widget-text-editor:not(.elementor-drop-cap-view-default) .elementor-drop-cap{margin-top:8px}.elementor-widget-text-editor:not(.elementor-drop-cap-view-default) .elementor-drop-cap-letter{width:1em;height:1em}.elementor-widget-text-editor .elementor-drop-cap{float:left;text-align:center;line-height:1;font-size:50px}.elementor-widget-text-editor .elementor-drop-cap-letter{display:inline-block}<\/style>\t\t\t\t<p><!-- wp:gallery {\"linkTo\":\"none\"} --><\/p>\n<figure class=\"wp-block-gallery has-nested-images columns-default is-cropped\"><!-- wp:image {\"id\":164,\"sizeSlug\":\"large\",\"linkDestination\":\"none\"} -->\n<p>\u00a0<\/p>\n<p style=\"text-align: left;\">\u00a0<\/p>\n<p style=\"text-align: left;\">\u00a0 \u00a0 \u00a0 \u00a0ECHIPA &#8211; CINE SUNTEM?\u00a0 \u00a0 \u00a0 \u00a0 \u00a0 \u00a0 \u00a0 \u00a0 \u00a0 \u00a0 \u00a0 \u00a0 \u00a0 \u00a0 \u00a0 \u00a0 \u00a0 \u00a0 \u00a0 \u00a0 \u00a0 \u00a0 \u00a0 \u00a0 \u00a0 \u00a0 \u00a0 \u00a0 \u00a0 \u00a0 \u00a0 \u00a0 \u00a0 \u00a0 \u00a0 \u00a0 \u00a0 \u00a0 \u00a0 \u00a0 \u00a0 \u00a0 \u00a0 \u00a0 \u00a0 \u00a0 \u00a0 \u00a0 \u00a0<span style=\"color: var( --e-global-color-text ); font-family: var( --e-global-typography-text-font-family ), Sans-serif; font-weight: var( --e-global-typography-text-font-weight );\">Vre<\/span><span style=\"color: var( --e-global-color-text ); font-family: var( --e-global-typography-text-font-family ), Sans-serif; font-weight: var( --e-global-typography-text-font-weight );\">m s\u0103 facem vremurile bune \u0219i mai bune, iar pe cele grele mai \u00a0u\u0219oare!<\/span><\/p>\n<p><img fetchpriority=\"high\" decoding=\"async\" class=\"alignleft wp-image-164 size-full\" style=\"color: #303030; font-family: 'Open Sans', sans-serif; font-size: 14px; font-weight: 600;\" src=\"http:\/\/oamenivalorifapte.ro\/wp-content\/uploads\/2022\/12\/275007215_146042911229730_3503938867239289631_n.jpg\" alt=\"\" width=\"2048\" height=\"1386\" srcset=\"https:\/\/oamenivalorifapte.ro\/wp-content\/uploads\/2022\/12\/275007215_146042911229730_3503938867239289631_n.jpg 2048w, https:\/\/oamenivalorifapte.ro\/wp-content\/uploads\/2022\/12\/275007215_146042911229730_3503938867239289631_n-300x203.jpg 300w, https:\/\/oamenivalorifapte.ro\/wp-content\/uploads\/2022\/12\/275007215_146042911229730_3503938867239289631_n-1024x693.jpg 1024w, https:\/\/oamenivalorifapte.ro\/wp-content\/uploads\/2022\/12\/275007215_146042911229730_3503938867239289631_n-768x520.jpg 768w, https:\/\/oamenivalorifapte.ro\/wp-content\/uploads\/2022\/12\/275007215_146042911229730_3503938867239289631_n-1536x1040.jpg 1536w\" sizes=\"(max-width: 2048px) 100vw, 2048px\" \/><\/p>\n<p><!-- \/wp:image --><!-- wp:image {\"id\":194,\"sizeSlug\":\"large\",\"linkDestination\":\"none\"} --><\/p>\n<\/figure>\n<figure class=\"wp-block-gallery has-nested-images columns-default is-cropped\"><\/figure>\n<figure class=\"wp-block-gallery has-nested-images columns-default is-cropped\">\n<figure><\/figure>\n<figure><\/figure>\n<figure class=\"wp-block-image size-large\"><\/figure>\n<figure class=\"wp-block-image size-large\"><\/figure>\n<figure class=\"wp-block-image size-large\"><\/figure>\n<figure class=\"wp-block-image size-large\"><\/figure>\n<figure class=\"wp-block-image size-large\"><\/figure>\n<figure class=\"wp-block-image size-large\"><\/figure>\n<figure class=\"wp-block-image size-large\"><\/figure>\n<figure class=\"wp-block-image size-large\"><\/figure>\n<figure><\/figure>\n<figure><\/figure>\n<figure><\/figure>\n<figure><img decoding=\"async\" class=\"alignleft wp-image-194\" style=\"font-size: 10.72px; font-weight: bold;\" src=\"http:\/\/oamenivalorifapte.ro\/wp-content\/uploads\/2022\/12\/285817921_168862175614470_7190746205082381060_n-1024x604.jpg\" alt=\"\" width=\"587\" height=\"346\" srcset=\"https:\/\/oamenivalorifapte.ro\/wp-content\/uploads\/2022\/12\/285817921_168862175614470_7190746205082381060_n-1024x604.jpg 1024w, https:\/\/oamenivalorifapte.ro\/wp-content\/uploads\/2022\/12\/285817921_168862175614470_7190746205082381060_n-300x177.jpg 300w, https:\/\/oamenivalorifapte.ro\/wp-content\/uploads\/2022\/12\/285817921_168862175614470_7190746205082381060_n-768x453.jpg 768w, https:\/\/oamenivalorifapte.ro\/wp-content\/uploads\/2022\/12\/285817921_168862175614470_7190746205082381060_n-1536x906.jpg 1536w, https:\/\/oamenivalorifapte.ro\/wp-content\/uploads\/2022\/12\/285817921_168862175614470_7190746205082381060_n.jpg 2021w\" sizes=\"(max-width: 587px) 100vw, 587px\" \/><\/figure>\n<figure><\/figure>\n<figure><\/figure>\n<figure><\/figure>\n<figure><\/figure>\n<figure><\/figure>\n<figure><\/figure>\n<figure class=\"wp-block-image size-large\"><\/figure>\n<figure class=\"wp-block-image size-large\"><\/figure>\n<figure class=\"wp-block-image size-large\"><\/figure>\n<figure class=\"wp-block-image size-large\"><\/figure>\n<figure class=\"wp-block-image size-large\"><\/figure>\n<figure class=\"wp-block-image size-large\"><\/figure>\n<figure><\/figure>\n<figure><\/figure>\n<figure><\/figure>\n<figure><\/figure>\n<figure><\/figure>\n<figure><\/figure>\n<figure><\/figure>\n<figure class=\"wp-block-image size-large\"><\/figure>\n<figure class=\"wp-block-image size-large\"><\/figure>\n<figure class=\"wp-block-image size-large\"><\/figure>\n<figure class=\"wp-block-image size-large\"><\/figure>\n<figure class=\"wp-block-image size-large\"><\/figure>\n<figure class=\"wp-block-image size-large\"><\/figure>\n<figure class=\"wp-block-image size-large\"><\/figure>\n<\/figure>\n<p>\u00a0 \u00a0 \u00a0\u00a0<span style=\"color: var( --e-global-color-text ); font-family: var( --e-global-typography-text-font-family ), Sans-serif; font-weight: var( --e-global-typography-text-font-weight );\">Echipa este \u00a0motorul organiza\u021biei, f\u0103r\u0103 de care nu am putea construi faptele bune pe care ni le-am asumat. Ceea ce ne \u021bine \u00eempreun\u0103 este \u00eencrederea pe care o avem unii \u00een al\u021bii, respectul reciproc, sinceritatea \u0219i implicarea cu toate resursele pe care le de\u021binem \u00een atingerea obiectivelor comune.\u00a0 \u00a0 \u00a0 \u00a0 \u00a0 \u00a0 \u00a0 \u00a0 \u00a0 \u00a0 \u00a0 \u00a0 \u00a0 \u00a0 \u00a0 \u00a0 \u00a0 \u00a0 \u00a0 <\/span><span style=\"color: var( --e-global-color-text ); font-family: var( --e-global-typography-text-font-family ), Sans-serif; font-weight: var( --e-global-typography-text-font-weight );\">Suntem empatici, determina\u021bi, d\u0103rui\u021bi cauzei pe care o sus\u021binem. Am plecat cu to\u021bii \u00eentr-o lung\u0103 c\u0103l\u0103torie a vie\u021bii, a iubirii de semeni f\u0103r\u0103 sprijin, a credin\u021bei ca putem face lumea mai bun\u0103.\u00a0 \u00a0 \u00a0 \u00a0 \u00a0 \u00a0 \u00a0 \u00a0 \u00a0 \u00a0 \u00a0 \u00a0 \u00a0 \u00a0 \u00a0 \u00a0 \u00a0 \u00a0 \u00a0 \u00a0 \u00a0 \u00a0 \u00a0 \u00a0 \u00a0 \u00a0 \u00a0 \u00a0 \u00a0 \u00a0 \u00a0 \u00a0 \u00a0 \u00a0 \u00a0 \u00a0 \u00a0 \u00a0 \u00a0 \u00a0 \u00a0 \u00a0 \u00a0 \u00a0 \u00a0 \u00a0\u00a0<\/span><span style=\"color: var( --e-global-color-text ); font-family: var( --e-global-typography-text-font-family ), Sans-serif; font-weight: var( --e-global-typography-text-font-weight );\">Ne implic\u0103m solidar \u0219i suntem permanent preocupa\u021bi s\u0103 d\u0103ruim timp, pricepere \u0219idragoste pentru p ersoanele vulnerabile, s\u0103 contribuim la schimbarea percep\u021biei societ\u0103\u021bii asupra seniorilor no\u0219tri, con\u0219tien\u021bi fiind de faptul c\u0103 gradul de civiliza\u021bie \u0219i educa\u021bie al unui popor se reflect\u0103 \u0219i \u00een felul \u00een care \u00ee\u0219i respect\u0103 v\u00e2rstnicii.<\/span><\/p>\n<p><!-- \/wp:paragraph --><!-- wp:image {\"align\":\"center\",\"id\":328,\"width\":229,\"height\":314,\"sizeSlug\":\"large\",\"linkDestination\":\"none\",\"className\":\"is-style-rounded\"} --><\/p>\n<figure class=\"wp-block-image aligncenter size-large is-resized is-style-rounded\"><img decoding=\"async\" class=\"wp-image-328\" src=\"http:\/\/oamenivalorifapte.ro\/wp-content\/uploads\/2022\/12\/260149359_2063214483860294_4960040542649119873_n-768x1024.jpg\" alt=\"\" width=\"229\" height=\"314\" \/><\/figure>\n<p><!-- \/wp:image --><!-- wp:paragraph {\"align\":\"center\"} --><\/p>\n<p class=\"has-text-align-center\"><strong>Beatrice CULDA<br \/><em>Pre\u0219edinte Fondator<br \/>Director Executiv \u0219i\u00a0<\/em><\/strong><strong><em>Voluntar<\/em><\/strong><\/p>\n<p class=\"has-text-align-center\" style=\"text-align: left;\">\u00a0 \u00a0 \u00a0 Prieten drag, sunt al\u0103turi de v\u00e2rstnici de peste zece\u00a0 ani, \u00een calitate de voluntar. Cu empatie \u0219i prietenie, energie \u0219i for\u021b\u0103, continui s\u0103 m\u0103 dedic misiunii asumate. Am condus aproape patru ani un ONG care a oferit zi de zi sprijin moral, practic \u0219i material celor peste 800 de v\u00e2rstnici singuri, din Bucure\u0219ti \u0219i cinci judete din Rom\u00e2nia, al\u0103turi de peste 130 de voluntari. O mare provocare a fost gestionarea organiza\u021biei \u00een cea mai dificil\u0103 perioad\u0103 a pandemiei Covid din 2020, \u00eens\u0103, cu o for\u021b\u0103 de adaptare rapid\u0103 la contextul creat, am dep\u0103\u0219it-o cu bine, s\u0103n\u0103to\u0219i cu to\u021bii, mai ales persoanele v\u00e2rstnice, spre marea noastr\u0103 \u00eemplinire \u0219i mul\u021bumire sufleteasc\u0103.<br \/>\u00a0 \u00a0 \u00a0De profesie inginer, cu master \u00een managementul resurselor umane, marketing \u0219i comunicare, mi-am construit cariera \u00een slujba oamenilor din mediul de business, \u00een managementul organiza\u021biilor. Aduc cu mine experien\u021ba anilor petrecu\u021bi cu oameni minuna\u021bi, al\u0103turi de care am lucrat \u00een diferite domenii, industrie, turism, marketing, resurse umane, FMCG, medical, financiar contabilitate. \u00cen munca mea de ong-ist, am identificat nevoile v\u00e2rstnicilor \u0219i am ales modul optim de interven\u021bie pentru a le face via\u021ba mai bl\u00e2nd\u0103, mai demn\u0103 \u0219i mai frumoas\u0103.<br \/>\u00a0 \u00a0 \u00a0Repere precum nevoia imens\u0103 de sprijin \u00een zona social\u0103, empatia, dragostea \u0219i compasiunea pentru cei de v\u00e2rsta a III-a, convingerea c\u0103 pot \u0219i este nevoie s\u0103 acord sprijin \u00een continuare, experien\u021ba ultimilor ani \u00een mediul ONG \u0219i social, acreditarea cu brevet de manager \u00een turism care ma va ajuta \u00een Programul de c\u0103l\u0103torii cu Seniorii, precum \u0219i \u00eendemnul prietenilor \u0219i colaboratorilor, m-au determinat s\u0103 r\u0103m\u00e2n solidar\u0103 cauzei Seniorilor vulnerabili. Mai mult, am al\u0103turat \u0219i cauza Copiilor mai pu\u021bin noroco\u0219i, g\u00e2ndind planuri de ac\u021biune cu efecte pozitive \u00een cre\u0219terea \u0219i educa\u021bia lor.<\/p>\n<p><!-- \/wp:paragraph --><!-- wp:image {\"align\":\"center\",\"id\":337,\"width\":237,\"height\":305,\"sizeSlug\":\"full\",\"linkDestination\":\"none\",\"className\":\"is-style-rounded\"} --><\/p>\n<figure class=\"wp-block-image aligncenter size-full is-resized is-style-rounded\"><img loading=\"lazy\" decoding=\"async\" class=\"wp-image-337\" src=\"http:\/\/oamenivalorifapte.ro\/wp-content\/uploads\/2022\/12\/Picture1.jpg\" alt=\"\" width=\"237\" height=\"305\" srcset=\"https:\/\/oamenivalorifapte.ro\/wp-content\/uploads\/2022\/12\/Picture1.jpg 332w, https:\/\/oamenivalorifapte.ro\/wp-content\/uploads\/2022\/12\/Picture1-233x300.jpg 233w\" sizes=\"(max-width: 237px) 100vw, 237px\" \/><\/figure>\n<p><!-- \/wp:image --><!-- wp:paragraph {\"align\":\"center\"} --><\/p>\n<p class=\"has-text-align-center\"><strong>Alina-Mihaela LECA<br \/><em>Asistent social, Co-Fondator, Voluntar<\/em><\/strong><\/p>\n<p class=\"has-text-align-center\" style=\"text-align: left;\">\u00a0 \u00a0 \u00a0 Bun\u0103, sunt Alina \u0219i \u00eemi iubesc profesia de asistent social! Am debutat cu internship-uri \u00een cadrul ASproAS \u0219i CFCECAS, organiza\u021bii de renume \u00een domeniul asisten\u021bei sociale. Experien\u021ba celor cinci luni de voluntariat \u00een spitalele Elias \u0219i Universitar, \u00een care am fost al\u0103turi de rudele celor afecta\u021bi de incendiul din Clubul Colectiv, \u00een anul 2015, mi-au ar\u0103tat \u00eenc\u0103 o dat\u0103 importan\u021ba acestei profesii. Atunci am simtit c\u0103 pot face \u0219i d\u0103rui \u0219i mai mult. Mi-am continuat drumul, convins\u0103 fiind c\u0103 rolul meu este s\u0103 fiu \u201cpuntea\u201d dintre omul aflat \u00een nevoie \u0219i resursele necesare, astfel c\u0103, am asigurat timp de patru ani ca asistent social, servicii de \u00eengrijire socio-medical\u0103 a v\u00e2rstnicilor la domiciliu \u0219i \u00een centre reziden\u021biale.<br \/>\u00a0 \u00a0 \u00a0 Bucuria \u0219i mul\u021bumirea oamenilor atunci c\u00e2nd le sunt aproape, sunt cele mai de pre\u021b rezultate \u00een lucrul cu oamenii. Doresc \u0219i vreau s\u0103 facem vremurile bune \u0219i mai bune, iar pe cele grele, mai u\u0219oare, pentru v\u00e2rstnicii \u0219i copiii afla\u021bi \u00een dificultate!<br \/>\u00a0 \u00a0 \u00a0Acesta este motivul pentru care am ales s\u0103 m\u0103 implic voluntar al Asocia\u021biei Oameni, Valori, Fapte \u0219i s\u0103 \u00eemp\u0103rt\u0103\u0219esc valorile cu echipa \u00een care mi-am \u00eencredin\u021bat puterea de a d\u0103rui.<\/p>\n<p><!-- \/wp:paragraph --><!-- wp:paragraph --><!-- \/wp:paragraph --><!-- wp:image {\"align\":\"center\",\"id\":340,\"width\":251,\"height\":328,\"sizeSlug\":\"full\",\"linkDestination\":\"none\",\"className\":\"is-style-rounded\"} --><\/p>\n<figure class=\"wp-block-image aligncenter size-full is-resized is-style-rounded\"><img loading=\"lazy\" decoding=\"async\" class=\"wp-image-340\" src=\"http:\/\/oamenivalorifapte.ro\/wp-content\/uploads\/2022\/12\/Picture2.jpg\" alt=\"\" width=\"251\" height=\"328\" srcset=\"https:\/\/oamenivalorifapte.ro\/wp-content\/uploads\/2022\/12\/Picture2.jpg 344w, https:\/\/oamenivalorifapte.ro\/wp-content\/uploads\/2022\/12\/Picture2-229x300.jpg 229w\" sizes=\"(max-width: 251px) 100vw, 251px\" \/><\/figure>\n<p><!-- \/wp:image --><!-- wp:paragraph {\"align\":\"center\"} --><\/p>\n<p class=\"has-text-align-center\"><strong>Dan CULDA<br \/><em>Fundraiser, Co-Fondator<br \/>Voluntar<\/em><\/strong><\/p>\n<p><!-- \/wp:paragraph --><!-- wp:paragraph --><\/p>\n<p style=\"text-align: left;\">\u00a0 \u00a0 \u00a0 Bine v-am g\u0103sit!\u00a0 \u00a0 \u00a0 \u00a0 \u00a0 \u00a0 \u00a0 \u00a0 \u00a0 \u00a0 \u00a0 \u00a0 \u00a0 \u00a0 \u00a0 \u00a0 \u00a0 \u00a0 \u00a0 \u00a0 \u00a0 \u00a0 \u00a0 \u00a0 \u00a0 \u00a0 \u00a0 \u00a0 \u00a0 \u00a0 \u00a0 \u00a0 \u00a0 \u00a0 \u00a0 \u00a0 \u00a0 \u00a0 \u00a0 \u00a0 \u00a0 \u00a0 \u00a0 \u00a0 \u00a0 \u00a0 \u00a0 \u00a0 \u00a0 \u00a0 \u00a0 \u00a0 \u00a0 \u00a0 \u00a0 \u00a0 \u00a0 M\u0103 numesc Dan \u0219i sunt freelancer. Experien\u021ba dob\u00e2ndit\u0103 \u00een cei peste 30 de ani de activitate \u00een managementul logistic \u0219i al industriei de automotive, mi-a oferit oportunitatea s\u0103 ofer \u00een prezent, consultan\u021b\u0103 \u0219i training de specialitate companiilor din Rom\u00e2nia, al\u0103turi de o echip\u0103 de oameni profesioni\u0219ti \u0219i dedica\u021bi.<br \/>\u00a0 \u00a0 \u00a0Profesia de inginer \u00een domeniul transporturilor rutiere a fost \u00eembun\u0103t\u0103\u021bit\u0103 pe parcurs de un MBA \u00een logistic\u0103 cre\u00e2ndu-mi posibilitatea s\u0103 activez ca Logistic Manager sau Supply Chain Director \u00een companii multina\u021bionale. V\u0103z\u00e2nd c\u00e2t\u0103 nevoie de implicare este \u00een sectorul neguvernamental, m-am hot\u0103r\u00e2t s\u0103 \u00eemi dedic o parte din timp celor care au nevoie de ajutor, de suport, de un cuv\u00e2nt bun \u0219i nu numai. Seniorii izola\u021bi, neajutora\u021bi, \u00eempov\u0103ra\u021bi de griji \u0219i nevoi, precum \u0219i copiii din mediile defavorizate sunt categoriile la care m-am g\u00e2ndit.\u00a0 \u00a0 \u00a0 \u00a0 \u00a0 \u00a0 \u00a0 \u00a0 \u00a0 \u00a0 \u00a0 \u00a0Acesta este motivul pentru care m-am al\u0103turat echipei Asocia\u021biei Oameni, Valori, Fapte cu scopul de a aduce o f\u0103r\u00e2m\u0103 de bucurie \u0219i lini\u0219te celor pe care \u00eei are \u00een grij\u0103.<\/p>\n<p><!-- \/wp:paragraph --><!-- wp:image {\"align\":\"center\",\"id\":343,\"width\":206,\"height\":264,\"sizeSlug\":\"full\",\"linkDestination\":\"none\",\"className\":\"is-style-rounded\"} --><\/p>\n<figure class=\"wp-block-image aligncenter size-full is-resized is-style-rounded\"><img loading=\"lazy\" decoding=\"async\" class=\"wp-image-343\" src=\"http:\/\/oamenivalorifapte.ro\/wp-content\/uploads\/2022\/12\/Picture3.jpg\" alt=\"\" width=\"206\" height=\"264\" \/><\/figure>\n<p><!-- \/wp:image --><!-- wp:paragraph {\"align\":\"center\"} --><\/p>\n<p class=\"has-text-align-center\"><strong>Constantin-Drago\u0219 COJOCARU<br \/><em>Auditor, Co-Fondator<br \/>Voluntar<\/em><\/strong><\/p>\n<p><!-- \/wp:paragraph --><!-- wp:paragraph --><\/p>\n<p>\u00a0 \u00a0 \u00a0 Salut, sunt Drago\u0219!<br \/>\u00a0 \u00a0 \u00a0 Profesia de economist m-a ajutat s\u0103 \u00eemi construiesc cariera \u00een domeniul financiar. Am \u00eenceput s\u0103 lucrez din anii studen\u021biei \u00een domeniul FMCG, \u00een compania multina\u021bional\u0103 PepsiCo unde mi-am adus contribu\u021bia timp de doi ani. Am continuat aproape \u0219ase ani \u00een managementul financiar din industria imobiliar\u0103, unde am participat la transformarea raport\u0103rii departamentului meu de la binecunoscutul excel clasic la un instrument adecvat de business intelligence, permi\u021b\u00e2nd echipelor de management s\u0103 \u00een\u021beleag\u0103 mai bine relevan\u021ba datelor \u00een procesul decizional. \u00cen prezent lucrez ca Analist de Date cu dorin\u021ba de a ajuta utilizatorii de afaceri s\u0103-\u0219i vizualizeze \u0219i s\u0103 \u00een\u021beleag\u0103 datele \u00eentr-un mod mult mai rapid \u0219i mai u\u0219or.\u00a0 \u00a0 \u00a0 \u00a0 \u00a0 \u00a0 \u00a0 \u00a0 \u00a0 \u00a0 \u00a0 \u00a0 \u00a0 \u00a0 \u00a0 \u00a0 \u00a0 \u00a0 \u00a0 \u00a0 \u00a0 \u00a0 \u00a0 \u00a0 \u00a0 \u00a0 \u00a0 \u00a0 \u00a0 \u00a0 \u00a0 \u00a0 \u00a0 \u00a0 \u00a0 \u00a0 \u00a0 \u00a0 \u00a0 \u00a0Am ales s\u0103 m\u0103 al\u0103tur acestui ONG pentru a oferi ajutor celor care au cu adev\u0103rat nevoie \u2013 b\u0103tr\u00e2ni \u0219i copii care se confrunt\u0103 cu dificult\u0103\u021bi. Cred c\u0103, pe l\u00e2ng\u0103 sprijinul oferit companiilor cu datele lor, este la fel de important \u0219i valoros s\u0103 contribuim la bun\u0103starea oamenilor vulnerabili din societatea noastr\u0103 de ast\u0103zi.\u00a0<\/p>\n<p><!-- \/wp:paragraph --><\/p>\t\t\t\t\t\t<\/div>\n\t\t\t\t<\/div>\n\t\t\t\t\t<\/div>\n\t\t<\/div>\n\t\t\t\t\t<\/div>\n\t\t<\/section>\n\t\t\t\t<\/div>\n\t\t","protected":false},"excerpt":{"rendered":"","protected":false},"author":1,"featured_media":0,"parent":0,"menu_order":0,"comment_status":"closed","ping_status":"closed","template":"","meta":{"_seopress_robots_primary_cat":"","_seopress_titles_title":"","_seopress_titles_desc":"","_seopress_robots_index":"","footnotes":""},"class_list":["post-325","page","type-page","status-publish","hentry"],"_links":{"self":[{"href":"https:\/\/oamenivalorifapte.ro\/index.php\/wp-json\/wp\/v2\/pages\/325"}],"collection":[{"href":"https:\/\/oamenivalorifapte.ro\/index.php\/wp-json\/wp\/v2\/pages"}],"about":[{"href":"https:\/\/oamenivalorifapte.ro\/index.php\/wp-json\/wp\/v2\/types\/page"}],"author":[{"embeddable":true,"href":"https:\/\/oamenivalorifapte.ro\/index.php\/wp-json\/wp\/v2\/users\/1"}],"replies":[{"embeddable":true,"href":"https:\/\/oamenivalorifapte.ro\/index.php\/wp-json\/wp\/v2\/comments?post=325"}],"version-history":[{"count":29,"href":"https:\/\/oamenivalorifapte.ro\/index.php\/wp-json\/wp\/v2\/pages\/325\/revisions"}],"predecessor-version":[{"id":949,"href":"https:\/\/oamenivalorifapte.ro\/index.php\/wp-json\/wp\/v2\/pages\/325\/revisions\/949"}],"wp:attachment":[{"href":"https:\/\/oamenivalorifapte.ro\/index.php\/wp-json\/wp\/v2\/media?parent=325"}],"curies":[{"name":"wp","href":"https:\/\/api.w.org\/{rel}","templated":true}]}}