{"id":350,"date":"2022-12-08T11:10:46","date_gmt":"2022-12-08T11:10:46","guid":{"rendered":"http:\/\/oamenivalorifapte.ro\/?page_id=350"},"modified":"2023-12-14T05:23:01","modified_gmt":"2023-12-14T05:23:01","slug":"sponsorizare-persoane-juridice","status":"publish","type":"page","link":"https:\/\/oamenivalorifapte.ro\/index.php\/sponsorizare-persoane-juridice\/","title":{"rendered":"Sponsorizare persoane juridice"},"content":{"rendered":"\n<p>Legea sponsoriz\u0103rii \u0219i Codul fiscal<br>Legea sponsoriz\u0103rii \u0219i Codul fiscal permit societ\u0103\u021bilor comerciale pl\u0103titoare de impozit pe profit s\u0103 ofere sponsoriz\u0103ri organiza\u021biilor din anumite domenii (spre exemplu organiza\u021biilor caritabile) \u0219i s\u0103 beneficieze de facilit\u0103\u021bi fiscale, \u00een anumite condi\u021bii prev\u0103zute de lege. Cheltuiala cu sponsorizarea oferit\u0103 nu este o cheltuial\u0103 deductibil\u0103 fiscal, dar poate reprezenta un credit fiscal, adic\u0103 poate reduce impozitul pe profit de plat\u0103 cu suma integral\u0103 a sponsoriz\u0103rii oferite. Codul fiscal prevede urm\u0103toarele limite (minimul dintre) :<br>\u25ba 20% din impozitul pe profit datorat<br>\u25ba 0,75% din cifra de afaceri<br>Mai mult, \u00eencep\u00e2nd cu 1 aprilie 2018, societ\u0103\u021bile comerciale care sunt pl\u0103titoare de impozit pe veniturile micro\u00eentreprinderilor \u0219i care efectueaz\u0103 sponsoriz\u0103ri, potrivit Legii sponsoriz\u0103rii, pentru sus\u021binerea entit\u0103\u021bilor nonprofit \u0219i a unit\u0103\u021bilor de cult (furnizori de servicii sociale acredita\u021bi cu cel pu\u021bin un serviciu social licen\u021biat, potrivit legii), scad sumele aferente din impozitul pe veniturile micro\u00eentreprinderilor p\u00e2n\u0103 la nivelul valorii reprezent\u00e2nd 20% din impozitul pe veniturile micro\u00eentreprinderilor datorat pentru trimestrul \u00een care au \u00eenregistrat cheltuielile respective.<br>Astfel, facilitatea fiscal\u0103 acordat\u0103 prin mecanismul de credit fiscal permite practic sponsorului s\u0103 pl\u0103teasc\u0103 efectiv suma respectiv\u0103 c\u0103tre o organiza\u021bie f\u0103r\u0103 scop lucrativ (cu particularit\u0103\u021bile men\u021bionate) \u0219i nu \u00een contul impozitului pe profit\/impozitului pe veniturile micro\u00eentreprinderilor. Pentru a fi inclus \u00een calculul impozitului pe anul respectiv, contractul de sponsorizare trebuie \u00eencheiat \u00eenainte de sf\u00e2r\u0219itul anului calendaristic, iar plata trebuie efectuat\u0103 p\u00e2n\u0103 la finele anului.<br>\u00cencep\u00e2nd cu anul 2018, contribuabilii care efectueaz\u0103 sponsoriz\u0103ri au obliga\u021bia de a depune declara\u021bia informativ\u0103 privind beneficiarii sponsoriz\u0103rilor (noul Formular 107), aferent\u0103 anului \u00een care au \u00eenregistrat cheltuielile respective. Declara\u021bia se depune p\u00e2n\u0103 la termenul de depunere a declara\u021biei anuale de impozit pe profit, respectiv p\u00e2n\u0103 la data de 25 ianuarie a anului urm\u0103tor\/data de 25 inclusiv a lunii urm\u0103toare ultimului trimestru pentru care datoreaz\u0103 impozitul, \u00een cazul pl\u0103titorilor de impozit pe veniturile micro\u00eentreprinderilor.<br>Exemplu calcul sponsorizare, \u00een cazul unui pl\u0103titor de impozit pe profit<br>O societate are la sf\u00e2r\u0219itul anului o cifr\u0103 de afaceri de 30.000.000 lei, un profit impozabil de 8.000.000 lei, impozitul pe profit de plat\u0103 (16%) fiind \u00een sum\u0103 de 1.280.000 lei. Av\u00e2nd \u00een vedere o sum\u0103 de sponsorizare de 200.000 lei, acordat\u0103 \u00een timpul anului de referin\u021b\u0103, impozitul pe profit va putea fi redus \u00een limitele prev\u0103zute de Codul fiscal dup\u0103 cum urmeaz\u0103:<br>Elemente de considerat \u00een calcul Sume (lei)<br>Cifra de afaceri 30.000.000<br>Profit impozabil 8.000.000<br>Impozit pe profit (16%) 1.280.000<br>Limit\u0103 0,5% din CA 150.000<br>Limit\u0103 20% din impozitul pe profit 256.000<br>Sponsorizare acordat\u0103 200.000<br>Suma eligibil\u0103 pentru credit fiscal 150.000<br>Impozit pe profit datorat 1.130.000<\/p>\n\n\n\n<p>Conform Codului fiscal, atunci c\u00e2nd cheltuielile legate de sponsorizare dep\u0103\u0219esc \u00een anul de referin\u021b\u0103 limitele permise pentru credit fiscal, sumele eligibile se reporteaz\u0103 dup\u0103 cum urmeaz\u0103:<\/p>\n\n\n\n<ul class=\"wp-block-list\">\n<li>\u00een cazul pl\u0103titorilor de impozit pe profit, diferen\u021ba poate fi dedus\u0103 din impozitul pe profit \u00een urm\u0103torii 7 ani consecutivi (\u00een exemplul de mai sus exist\u0103 o diferen\u021b\u0103 de 50.000 lei care se va reporta \u00een anul urm\u0103tor);<\/li>\n<\/ul>\n\n\n\n<p>In cazul pl\u0103titorilor de impozit pe veniturile micro\u00eentreprinderilor, diferen\u021ba de sum\u0103 care nu a putut fi sc\u0103zut\u0103 din impozitul datorat se reporteaz\u0103 \u00een trimestrele urm\u0103toare, pe o perioad\u0103 de 28 de trimestre consecutive.<br>Recuperarea acestor sume \u00een scop de credit fiscal se efectueaz\u0103 \u00een ordinea \u00eenregistr\u0103rii acestora, \u00een acelea\u0219i condi\u021bii, la fiecare termen de plat\u0103 a impozitului.<br>Detalii din Legea sponsoriz\u0103rii nr. 32\/1994<br>Activit\u0103\u021bi eligibile<br>Sponsoriz\u0103rile pot fi acordate beneficiarilor care \u00ee\u0219i desf\u0103\u0219oar\u0103 activitatea \u00een domeniul culturii, artelor, medicinei sau \u0219tiin\u021bei (mai exact: cultural, artistic, educativ, de \u00eenv\u0103\u021b\u0103m\u00e2nt, \u0219tiin\u021bific \u2013 cercetare fundamental\u0103 \u0219i aplicat\u0103, umanitar, religios, filantropic, sportiv, al protec\u021biei drepturilor omului, medicosanitar, de asisten\u021b\u0103 \u0219i servicii sociale, de protec\u021bia mediului, social \u0219i comunitar, de reprezentare a asocia\u021biilor profesionale precum \u0219i de \u00eentre\u021binere, restaurare, conservare \u0219i punere \u00een valoare a monumentelor istorice).<br>Beneficiari poten\u021biali :<br>\u00b7 Orice persoan\u0103 juridic\u0103 f\u0103r\u0103 scop lucrativ care desf\u0103\u0219oar\u0103 \u00een Rom\u00e2nia sau urmeaz\u0103 s\u0103 desf\u0103\u0219oare o activitate \u00een domeniile men\u021bionate mai sus;<br>\u00b7 Institu\u021bii \u0219i autorit\u0103\u021bi publice care desf\u0103\u0219oar\u0103 activit\u0103\u021bi \u00een domeniile mai sus prezentate;<br>\u00b7 Emisiuni ori programe ale organismelor de televiziune sau radiodifuziune, precum \u0219i c\u0103r\u021bi ori publica\u021bii din domeniile men\u021bionate;<br>\u00b7 Persoane fizice cu domiciliul \u00een Rom\u00e2nia, a c\u0103ror activitate \u00een unul din domeniile men\u021bionate mai sus este recunoscut\u0103 de c\u0103tre o persoan\u0103 juridic\u0103 f\u0103r\u0103 scop lucrativ sau de c\u0103tre o institu\u021bie public\u0103 ce activeaz\u0103 \u00een domeniul pentru care se solicit\u0103 sponsorizarea.<br>Stimulentul nu va fi acordat \u00een caz de :<br>\u00b7 Sponsorizare reciproc\u0103 \u00eentre persoane fizice sau juridice;<br>\u00b7 Sponsorizare efectuat\u0103 de c\u0103tre rude sau rude prin alian\u021b\u0103 de p\u00e2n\u0103 la gradul al patrulea inclusiv;<br>\u00b7 Sponsorizarea unei persoane juridice f\u0103r\u0103 scop lucrativ de c\u0103tre o alt\u0103 persoan\u0103 juridic\u0103 care<br>conduce sau controleaz\u0103 direct persoana juridic\u0103 pe care o sponsorizeaz\u0103.<br>Nu beneficiaz\u0103 de facilit\u0103\u021bile prev\u0103zute \u00een Legea sponsoriz\u0103rii sponsorul care, \u00een mod direct sau indirect, urm\u0103re\u0219te s\u0103 direc\u021bioneze activitatea beneficiarului.<\/p>\n\n\n\n<p>Descarca Contractul de sponsorizare <\/p>\n\n\n\n<div data-wp-interactive=\"core\/file\" class=\"wp-block-file\"><object data-wp-bind--hidden=\"!state.hasPdfPreview\"  class=\"wp-block-file__embed\" data=\"https:\/\/oamenivalorifapte.ro\/wp-content\/uploads\/2023\/12\/Contr.-sponsorizare_20_Aso.-Oameni-Valori-Fapte_2023_semnat.pdf\" type=\"application\/pdf\" style=\"width:100%;height:600px\" aria-label=\"Embed of Contr.-sponsorizare_20_Aso.-Oameni-Valori-Fapte_2023_semnat.\"><\/object><a id=\"wp-block-file--media-411121be-8576-454f-af49-22c432555d0f\" href=\"https:\/\/oamenivalorifapte.ro\/wp-content\/uploads\/2023\/12\/Contr.-sponsorizare_20_Aso.-Oameni-Valori-Fapte_2023_semnat.pdf\">Contr.-sponsorizare_20_Aso.-Oameni-Valori-Fapte_2023_semnat<\/a><a href=\"https:\/\/oamenivalorifapte.ro\/wp-content\/uploads\/2023\/12\/Contr.-sponsorizare_20_Aso.-Oameni-Valori-Fapte_2023_semnat.pdf\" class=\"wp-block-file__button wp-element-button\" download aria-describedby=\"wp-block-file--media-411121be-8576-454f-af49-22c432555d0f\">Download<\/a><\/div>\n\n\n\n<p>Descarca formularul 177<\/p>\n\n\n\n<div data-wp-interactive=\"core\/file\" class=\"wp-block-file\"><object data-wp-bind--hidden=\"!state.hasPdfPreview\"  class=\"wp-block-file__embed\" data=\"https:\/\/oamenivalorifapte.ro\/wp-content\/uploads\/2023\/12\/Contr.-sponsorizare_D177_Aso.-Oameni-Valori-Fapte_2023_semnat.pdf\" type=\"application\/pdf\" style=\"width:100%;height:600px\" aria-label=\"Embed of Contr.-sponsorizare_D177_Aso.-Oameni-Valori-Fapte_2023_semnat.\"><\/object><a id=\"wp-block-file--media-490381dc-4058-4f04-a459-f2f167a094e0\" href=\"https:\/\/oamenivalorifapte.ro\/wp-content\/uploads\/2023\/12\/Contr.-sponsorizare_D177_Aso.-Oameni-Valori-Fapte_2023_semnat.pdf\">Contr.-sponsorizare_D177_Aso.-Oameni-Valori-Fapte_2023_semnat<\/a><a href=\"https:\/\/oamenivalorifapte.ro\/wp-content\/uploads\/2023\/12\/Contr.-sponsorizare_D177_Aso.-Oameni-Valori-Fapte_2023_semnat.pdf\" class=\"wp-block-file__button wp-element-button\" download aria-describedby=\"wp-block-file--media-490381dc-4058-4f04-a459-f2f167a094e0\">Download<\/a><\/div>\n\n\n\n<p>Formular 177 si instructiuni<\/p>\n\n\n\n<div data-wp-interactive=\"core\/file\" class=\"wp-block-file\"><object data-wp-bind--hidden=\"!state.hasPdfPreview\"  class=\"wp-block-file__embed\" data=\"https:\/\/oamenivalorifapte.ro\/wp-content\/uploads\/2023\/12\/177_Cerere-OPANAF_Instructiuni_1679_2022-1.pdf\" type=\"application\/pdf\" style=\"width:100%;height:600px\" aria-label=\"Embed of 177_Cerere-OPANAF_Instructiuni_1679_2022-1.\"><\/object><a id=\"wp-block-file--media-a78ea533-e283-461c-abc7-ae34eb2e54d2\" href=\"https:\/\/oamenivalorifapte.ro\/wp-content\/uploads\/2023\/12\/177_Cerere-OPANAF_Instructiuni_1679_2022-1.pdf\">177_Cerere-OPANAF_Instructiuni_1679_2022-1<\/a><a href=\"https:\/\/oamenivalorifapte.ro\/wp-content\/uploads\/2023\/12\/177_Cerere-OPANAF_Instructiuni_1679_2022-1.pdf\" class=\"wp-block-file__button wp-element-button\" download aria-describedby=\"wp-block-file--media-a78ea533-e283-461c-abc7-ae34eb2e54d2\">Download<\/a><\/div>\n","protected":false},"excerpt":{"rendered":"<p>Legea sponsoriz\u0103rii \u0219i Codul fiscalLegea sponsoriz\u0103rii \u0219i Codul fiscal permit societ\u0103\u021bilor comerciale [&hellip;]<\/p>\n","protected":false},"author":1,"featured_media":0,"parent":0,"menu_order":0,"comment_status":"closed","ping_status":"closed","template":"","meta":{"_seopress_robots_primary_cat":"","_seopress_titles_title":"","_seopress_titles_desc":"","_seopress_robots_index":"","footnotes":""},"class_list":["post-350","page","type-page","status-publish","hentry"],"_links":{"self":[{"href":"https:\/\/oamenivalorifapte.ro\/index.php\/wp-json\/wp\/v2\/pages\/350"}],"collection":[{"href":"https:\/\/oamenivalorifapte.ro\/index.php\/wp-json\/wp\/v2\/pages"}],"about":[{"href":"https:\/\/oamenivalorifapte.ro\/index.php\/wp-json\/wp\/v2\/types\/page"}],"author":[{"embeddable":true,"href":"https:\/\/oamenivalorifapte.ro\/index.php\/wp-json\/wp\/v2\/users\/1"}],"replies":[{"embeddable":true,"href":"https:\/\/oamenivalorifapte.ro\/index.php\/wp-json\/wp\/v2\/comments?post=350"}],"version-history":[{"count":3,"href":"https:\/\/oamenivalorifapte.ro\/index.php\/wp-json\/wp\/v2\/pages\/350\/revisions"}],"predecessor-version":[{"id":830,"href":"https:\/\/oamenivalorifapte.ro\/index.php\/wp-json\/wp\/v2\/pages\/350\/revisions\/830"}],"wp:attachment":[{"href":"https:\/\/oamenivalorifapte.ro\/index.php\/wp-json\/wp\/v2\/media?parent=350"}],"curies":[{"name":"wp","href":"https:\/\/api.w.org\/{rel}","templated":true}]}}