{"id":69,"date":"2022-12-06T20:42:28","date_gmt":"2022-12-06T20:42:28","guid":{"rendered":"http:\/\/oamenivalorifapte.ro\/?page_id=69"},"modified":"2022-12-08T09:48:53","modified_gmt":"2022-12-08T09:48:53","slug":"contact","status":"publish","type":"page","link":"https:\/\/oamenivalorifapte.ro\/index.php\/contact\/","title":{"rendered":"Contact"},"content":{"rendered":"\n<p>  Asocia\u021bia Oameni, Valori, Fapte<br>Tel: +40 745 010 228<br>email: oamenivalorifapte@gmail.com<br>CIF: 44611715<br>Sediul social: Bucure\u0219ti, sector 5, str. Mo\u021boc nr.2, Bl.P3, sc.1, ap.11, cam.1, cod postal 051774<br>Cont IBAN RON: RO47BACX0000002200256000<br>Cont IBAN EURO: RO20BACX0000002200256001<br>BANCA: UNICREDIT BANK SA, Suc. Lipscani nr.102, Bucuresti<br>\u00cenregistrat\u0103 \u00een Registrul ANAF al entit\u0103\u021bilor\/unit\u0103\u021bilor de cult conform Deciziei nr. 8118938\/23.09.2021<br>\u00cenregistrat\u0103 \u00een Registrul Special al Asocia\u021biilor \u0219i Funda\u021biilor cu Nr. \u00cenregistrare 32\/07.07.2021<\/p>\n\n\n<div class=\"wp-block-image\">\n<figure class=\"aligncenter size-full is-resized\"><img fetchpriority=\"high\" decoding=\"async\" src=\"http:\/\/oamenivalorifapte.ro\/wp-content\/uploads\/2022\/12\/cropped-cropped-OVF-logo-01.png\" alt=\"\" class=\"wp-image-86\" width=\"343\" height=\"343\" srcset=\"https:\/\/oamenivalorifapte.ro\/wp-content\/uploads\/2022\/12\/cropped-cropped-OVF-logo-01.png 512w, https:\/\/oamenivalorifapte.ro\/wp-content\/uploads\/2022\/12\/cropped-cropped-OVF-logo-01-300x300.png 300w, https:\/\/oamenivalorifapte.ro\/wp-content\/uploads\/2022\/12\/cropped-cropped-OVF-logo-01-150x150.png 150w, https:\/\/oamenivalorifapte.ro\/wp-content\/uploads\/2022\/12\/cropped-cropped-OVF-logo-01-100x100.png 100w, https:\/\/oamenivalorifapte.ro\/wp-content\/uploads\/2022\/12\/cropped-cropped-OVF-logo-01-270x270.png 270w, https:\/\/oamenivalorifapte.ro\/wp-content\/uploads\/2022\/12\/cropped-cropped-OVF-logo-01-192x192.png 192w, https:\/\/oamenivalorifapte.ro\/wp-content\/uploads\/2022\/12\/cropped-cropped-OVF-logo-01-180x180.png 180w, https:\/\/oamenivalorifapte.ro\/wp-content\/uploads\/2022\/12\/cropped-cropped-OVF-logo-01-32x32.png 32w\" sizes=\"(max-width: 343px) 100vw, 343px\" \/><\/figure><\/div>","protected":false},"excerpt":{"rendered":"<p>Asocia\u021bia Oameni, Valori, FapteTel: +40 745 010 228email: oamenivalorifapte@gmail.comCIF: 44611715Sediul social: Bucure\u0219ti, [&hellip;]<\/p>\n","protected":false},"author":1,"featured_media":0,"parent":0,"menu_order":0,"comment_status":"closed","ping_status":"closed","template":"","meta":{"_seopress_robots_primary_cat":"","_seopress_titles_title":"","_seopress_titles_desc":"","_seopress_robots_index":"","footnotes":""},"class_list":["post-69","page","type-page","status-publish","hentry"],"_links":{"self":[{"href":"https:\/\/oamenivalorifapte.ro\/index.php\/wp-json\/wp\/v2\/pages\/69"}],"collection":[{"href":"https:\/\/oamenivalorifapte.ro\/index.php\/wp-json\/wp\/v2\/pages"}],"about":[{"href":"https:\/\/oamenivalorifapte.ro\/index.php\/wp-json\/wp\/v2\/types\/page"}],"author":[{"embeddable":true,"href":"https:\/\/oamenivalorifapte.ro\/index.php\/wp-json\/wp\/v2\/users\/1"}],"replies":[{"embeddable":true,"href":"https:\/\/oamenivalorifapte.ro\/index.php\/wp-json\/wp\/v2\/comments?post=69"}],"version-history":[{"count":3,"href":"https:\/\/oamenivalorifapte.ro\/index.php\/wp-json\/wp\/v2\/pages\/69\/revisions"}],"predecessor-version":[{"id":306,"href":"https:\/\/oamenivalorifapte.ro\/index.php\/wp-json\/wp\/v2\/pages\/69\/revisions\/306"}],"wp:attachment":[{"href":"https:\/\/oamenivalorifapte.ro\/index.php\/wp-json\/wp\/v2\/media?parent=69"}],"curies":[{"name":"wp","href":"https:\/\/api.w.org\/{rel}","templated":true}]}}